{"id":6950,"date":"2025-03-09T18:21:51","date_gmt":"2025-03-09T18:21:51","guid":{"rendered":"https:\/\/eternumebrietas.org\/?post_type=product&#038;p=6950"},"modified":"2025-11-11T15:04:33","modified_gmt":"2025-11-11T15:04:33","slug":"organic-white-wine","status":"publish","type":"product","link":"https:\/\/eternumebrietas.org\/pt\/product\/vinho-branco-biologico\/","title":{"rendered":"Vinho Branco da Beira-Baixa \u2013 750ml | Portugal"},"content":{"rendered":"<div id=\"fws_69f4b38d995ef\"  data-column-margin=\"default\" data-midnight=\"dark\"  class=\"wpb_row vc_row-fluid vc_row\"  style=\"padding-top: 0px; padding-bottom: 0px; \"><div class=\"row-bg-wrap\" data-bg-animation=\"none\" data-bg-animation-delay=\"\" data-bg-overlay=\"false\"><div class=\"inner-wrap row-bg-layer\" ><div class=\"row-bg viewport-desktop\"  style=\"\"><\/div><\/div><\/div><div class=\"row_col_wrap_12 col span_12 dark left\">\n\t<div  class=\"vc_col-sm-12 wpb_column column_container vc_column_container col no-extra-padding inherit_tablet inherit_phone\"  data-padding-pos=\"all\" data-has-bg-color=\"false\" data-bg-color=\"\" data-bg-opacity=\"1\" data-animation=\"\" data-delay=\"0\" >\n\t\t<div class=\"vc_column-inner\" >\n\t\t\t<div class=\"wpb_wrapper\">\n\t\t\t\t<div class=\"nectar-cta  text_hover_color_ff1053 alignment_tablet_default alignment_phone_default display_tablet_inherit display_phone_inherit\" data-color=\"default\" data-using-bg=\"false\" data-style=\"see-through\" data-display=\"block\" data-alignment=\"left\" data-text-color=\"std\" ><h6> <span class=\"text\">Voltar \u00e0 LOJA <\/span><span class=\"link_wrap\" ><a  class=\"link_text\" role=\"button\" href=\"https:\/\/eternumebrietas.org\/pt\/shop\/\"><span class=\"arrow\"><\/span><\/a><\/span><\/h6><\/div>\n\t\t\t<\/div> \n\t\t<\/div>\n\t<\/div> \n<\/div><\/div>\n\n\t\t<div id=\"fws_69f4b38d99a15\"  data-column-margin=\"default\" data-midnight=\"dark\"  class=\"wpb_row vc_row-fluid vc_row\"  style=\"padding-top: 0px; padding-bottom: 0px; \"><div class=\"row-bg-wrap\" data-bg-animation=\"none\" data-bg-animation-delay=\"\" data-bg-overlay=\"false\"><div class=\"inner-wrap row-bg-layer\" ><div class=\"row-bg viewport-desktop\"  style=\"\"><\/div><\/div><\/div><div class=\"row_col_wrap_12 col span_12 dark left\">\n\t<div  class=\"vc_col-sm-12 wpb_column column_container vc_column_container col no-extra-padding inherit_tablet inherit_phone\"  data-padding-pos=\"all\" data-has-bg-color=\"false\" data-bg-color=\"\" data-bg-opacity=\"1\" data-animation=\"\" data-delay=\"0\" >\n\t\t<div class=\"vc_column-inner\" >\n\t\t\t<div class=\"wpb_wrapper\">\n\t\t\t\t\n<div class=\"wpb_text_column wpb_content_element\" >\n\t<div class=\"wpb_wrapper\">\n\t\t<h3 data-start=\"270\" data-end=\"623\">Vinho Branco<\/h3>\n<p data-start=\"270\" data-end=\"623\"><em data-start=\"270\" data-end=\"621\">O Vinho Branco Eternum Ebrietas prov\u00e9m dos vinhedos em socalcos das montanhas da Beira-Baixa, Portugal. Esta garrafa de 750 ml cont\u00e9m vinho org\u00e2nico de alta qualidade, elaborado com uvas criteriosamente selecionadas. As uvas crescem em solos rochosos e desfrutam da brisa fresca da montanha, que confere aos vinhos seu car\u00e1ter distinto e a express\u00e3o do terroir local.<\/em><\/p>\n<p data-start=\"630\" data-end=\"1092\"><em data-start=\"630\" data-end=\"1090\">Os vinhos desta regi\u00e3o oferecem sabores elegantes e complexos. Por exemplo, os Chardonnays s\u00e3o cremosos e equilibrados, com delicados aromas florais e frutados. Al\u00e9m disso, os Pinot Blancs proporcionam um sabor fresco e fresco, enquanto outras castas brancas expressam notas minerais sutis que refletem os solos rochosos das montanhas. Todos os vinhos demonstram o artesanato e a tradi\u00e7\u00e3o dos vinicultores da Beira-Baixa, que seguem pr\u00e1ticas sustent\u00e1veis \u200b\u200be org\u00e2nicas nos vinhedos.<\/em><\/p>\n\t<\/div>\n<\/div>\n\n\n\n\n\t\t\t<\/div> \n\t\t<\/div>\n\t<\/div> \n<\/div><\/div>\n\t\t<div id=\"fws_69f4b38d99d3a\"  data-column-margin=\"default\" data-midnight=\"dark\"  class=\"wpb_row vc_row-fluid vc_row full-width-content vc_row-o-equal-height vc_row-flex vc_row-o-content-top\"  style=\"padding-top: 0px; padding-bottom: 0px; \"><div class=\"row-bg-wrap\" data-bg-animation=\"none\" data-bg-animation-delay=\"\" data-bg-overlay=\"false\"><div class=\"inner-wrap row-bg-layer\" ><div class=\"row-bg viewport-desktop\"  style=\"\"><\/div><\/div><\/div><div class=\"row_col_wrap_12 col span_12 dark left\">\n\t<div  class=\"vc_col-sm-12 wpb_column column_container vc_column_container col no-extra-padding inherit_tablet inherit_phone\"  data-padding-pos=\"all\" data-has-bg-color=\"false\" data-bg-color=\"\" data-bg-opacity=\"1\" data-animation=\"\" data-delay=\"0\" >\n\t\t<div class=\"vc_column-inner\" >\n\t\t\t<div class=\"wpb_wrapper\">\n\t\t\t\t<div class=\"nectar_video_player_self_hosted wpb_video_widget wpb_content_element vc_clearfix vc_video-aspect-ratio-916 vc_video-el-width-100 vc_video-align-center\" data-border-radius=\"none\" data-shadow=\"none\">\n<div class=\"wpb_wrapper\"><div class=\"wpb_video_wrapper\"><video width=\"1280\" height=\"720\" class=\"nectar-video-self-hosted\" preload=\"auto\" controls controlslist=\"nodownload\"><source src=\"https:\/\/eternumebrietas.org\/wp-content\/uploads\/2025\/03\/VID_20250904_174133.mp4\"  type=\"video\/mp4\"><\/video><\/div><\/div><\/div>\n\t\t\t<\/div> \n\t\t<\/div>\n\t<\/div> \n<\/div><\/div>\n\t\t<div id=\"fws_69f4b38d99fdd\"  data-column-margin=\"default\" data-midnight=\"dark\"  class=\"wpb_row vc_row-fluid vc_row\"  style=\"padding-top: 0px; padding-bottom: 0px; \"><div class=\"row-bg-wrap\" data-bg-animation=\"none\" data-bg-animation-delay=\"\" data-bg-overlay=\"false\"><div class=\"inner-wrap row-bg-layer\" ><div class=\"row-bg viewport-desktop\"  style=\"\"><\/div><\/div><\/div><div class=\"row_col_wrap_12 col span_12 dark left\">\n\t<div  class=\"vc_col-sm-12 wpb_column column_container vc_column_container col no-extra-padding inherit_tablet inherit_phone\"  data-padding-pos=\"all\" data-has-bg-color=\"false\" data-bg-color=\"\" data-bg-opacity=\"1\" data-animation=\"\" data-delay=\"0\" >\n\t\t<div class=\"vc_column-inner\" >\n\t\t\t<div class=\"wpb_wrapper\">\n\t\t\t\t\n<div class=\"wpb_text_column wpb_content_element\" >\n\t<div class=\"wpb_wrapper\">\n\t\t<p data-start=\"1099\" data-end=\"1476\"><em data-start=\"1099\" data-end=\"1474\">As tradicionais garrafas de 750 ml preservam os aromas e sabores do vinho, sendo ideais para acompanhar refei\u00e7\u00f5es ligeiras ou para desfrutar sozinho. Al\u00e9m disso, estes vinhos s\u00e3o perfeitos para celebra\u00e7\u00f5es, reuni\u00f5es ou como presentes gourmet para apreciadores de vinho. Cada gole proporciona um verdadeiro sabor da vinifica\u00e7\u00e3o serrana portuguesa, real\u00e7ando a harmonia entre a natureza e a gest\u00e3o cuidada da vinha.<\/em><\/p>\n<p data-start=\"1483\" data-end=\"1871\"><em data-start=\"1483\" data-end=\"1869\">Al\u00e9m disso, os produtores de Eternum Ebrietas dedicam especial aten\u00e7\u00e3o a cada etapa da produ\u00e7\u00e3o, desde o maneio da vinha at\u00e9 \u00e0 colheita e fermenta\u00e7\u00e3o, garantindo uma qualidade consistente. Como resultado, cada garrafa incorpora o terroir \u00fanico da Beira-Baixa e a dedica\u00e7\u00e3o dos produtores. Al\u00e9m disso, estes vinhos harmonizam na perfei\u00e7\u00e3o com marisco, aves, pratos mediterr\u00e2nicos ou queijos de pasta mole.<\/em><\/p>\n<p data-start=\"1878\" data-end=\"2128\"><em data-start=\"1878\" data-end=\"2126\">Seja para um prazer casual ou para ocasi\u00f5es especiais, o Vinho Branco Eternum Ebrietas oferece eleg\u00e2ncia, frescura e autenticidade. \u00c9 uma excelente escolha para os apreciadores de vinhos biol\u00f3gicos de montanha, oferecendo sabor e tradi\u00e7\u00e3o em cada copo.<\/em><\/p>\n<p>EAN: 5600174619371<\/p>\n<p>Vinho Branco \u2013 750ml | Portugal \u00e9 vendido diretamente do produtor ao consumidor.<\/p>\n\t<\/div>\n<\/div>\n\n\n\n\n\t\t\t<\/div> \n\t\t<\/div>\n\t<\/div> \n<\/div><\/div>\n\n\t\t<div id=\"fws_69f4b38d9a296\"  data-column-margin=\"default\" data-midnight=\"dark\"  class=\"wpb_row vc_row-fluid vc_row\"  style=\"padding-top: 0px; padding-bottom: 0px; \"><div class=\"row-bg-wrap\" data-bg-animation=\"none\" data-bg-animation-delay=\"\" data-bg-overlay=\"false\"><div class=\"inner-wrap row-bg-layer\" ><div class=\"row-bg viewport-desktop\"  style=\"\"><\/div><\/div><\/div><div class=\"row_col_wrap_12 col span_12 dark left\">\n\t<div  class=\"vc_col-sm-12 wpb_column column_container vc_column_container col no-extra-padding inherit_tablet inherit_phone\"  data-padding-pos=\"all\" data-has-bg-color=\"false\" data-bg-color=\"\" data-bg-opacity=\"1\" data-animation=\"\" data-delay=\"0\" >\n\t\t<div class=\"vc_column-inner\" >\n\t\t\t<div class=\"wpb_wrapper\">\n\t\t\t\t<div class=\"nectar-cta  text_hover_color_ff1053 alignment_tablet_default alignment_phone_default display_tablet_inherit display_phone_inherit\" data-color=\"default\" data-using-bg=\"false\" data-style=\"see-through\" data-display=\"block\" data-alignment=\"left\" data-text-color=\"std\" ><h6> <span class=\"text\">Voltar \u00e0 LOJA <\/span><span class=\"link_wrap\" ><a  class=\"link_text\" role=\"button\" href=\"https:\/\/eternumebrietas.org\/pt\/shop\/\"><span class=\"arrow\"><\/span><\/a><\/span><\/h6><\/div>\n\t\t\t<\/div> \n\t\t<\/div>\n\t<\/div> \n<\/div><\/div>","protected":false},"excerpt":{"rendered":"<p>Vinhos brancos produzidos a partir de uvas cultivadas em vinhas em socalcos das serras da Beira-Baixa Portugal.<\/p>","protected":false},"featured_media":7554,"comment_status":"open","ping_status":"closed","template":"","meta":[],"product_brand":[246],"product_cat":[313,143],"product_tag":[230,235,146,231,234,145],"class_list":{"0":"post-6950","1":"product","2":"type-product","3":"status-publish","4":"has-post-thumbnail","6":"product_brand-eternum-ebrietas","7":"product_cat-mountain-products","8":"product_cat-wine","9":"product_tag-beira-baixa","10":"product_tag-bio","11":"product_tag-organic","12":"product_tag-portugal","13":"product_tag-white-wine","14":"product_tag-wine","16":"first","17":"instock","18":"sale","19":"shipping-taxable","20":"purchasable","21":"product-type-simple"},"yoast_head":"<!-- This site is optimized with the Yoast SEO Premium plugin v25.8 (Yoast SEO v25.8) - https:\/\/yoast.com\/wordpress\/plugins\/seo\/ -->\n<title>Eternum Ebrietas | White Wine from Beira-Baixa \u2013 750ml | Portugal<\/title>\n<meta name=\"description\" content=\"Discover Eternum Ebrietas White Wine from Beira-Baixa, Portugal. Organic mountain wine with elegant, fresh flavors, perfect for meals or as a gourmet gift.\" \/>\n<meta name=\"robots\" content=\"index, follow, max-snippet:-1, max-image-preview:large, max-video-preview:-1\" \/>\n<link rel=\"canonical\" href=\"https:\/\/eternumebrietas.org\/pt\/product\/vinho-branco-biologico\/\" \/>\n<meta property=\"og:locale\" content=\"pt_PT\" \/>\n<meta property=\"og:type\" content=\"article\" \/>\n<meta property=\"og:title\" content=\"White Wine from Beira-Baixa \u2013 750ml | Portugal\" \/>\n<meta property=\"og:description\" content=\"Discover Eternum Ebrietas White Wine from Beira-Baixa, Portugal. Organic mountain wine with elegant, fresh flavors, perfect for meals or as a gourmet gift.\" \/>\n<meta property=\"og:url\" content=\"https:\/\/eternumebrietas.org\/pt\/product\/vinho-branco-biologico\/\" \/>\n<meta property=\"og:site_name\" content=\"Eternum Ebrietas\" \/>\n<meta property=\"article:publisher\" content=\"https:\/\/www.facebook.com\/profile.php?id=61568619625789\" \/>\n<meta property=\"article:modified_time\" content=\"2025-11-11T15:04:33+00:00\" \/>\n<meta property=\"og:image\" content=\"https:\/\/eternumebrietas.org\/wp-content\/uploads\/2025\/03\/vinho-branco-titanium-750ml.png\" \/>\n\t<meta property=\"og:image:width\" content=\"900\" \/>\n\t<meta property=\"og:image:height\" content=\"900\" \/>\n\t<meta property=\"og:image:type\" content=\"image\/png\" \/>\n<meta name=\"twitter:card\" content=\"summary_large_image\" \/>\n<meta name=\"twitter:label1\" content=\"Est. reading time\" \/>\n\t<meta name=\"twitter:data1\" content=\"2 minutes\" \/>\n<script type=\"application\/ld+json\" class=\"yoast-schema-graph\">{\"@context\":\"https:\/\/schema.org\",\"@graph\":[{\"@type\":\"WebPage\",\"@id\":\"https:\/\/eternumebrietas.org\/product\/organic-white-wine\/\",\"url\":\"https:\/\/eternumebrietas.org\/product\/organic-white-wine\/\",\"name\":\"Eternum Ebrietas | White Wine from Beira-Baixa \u2013 750ml | Portugal\",\"isPartOf\":{\"@id\":\"https:\/\/eternumebrietas.org\/#website\"},\"primaryImageOfPage\":{\"@id\":\"https:\/\/eternumebrietas.org\/product\/organic-white-wine\/#primaryimage\"},\"image\":{\"@id\":\"https:\/\/eternumebrietas.org\/product\/organic-white-wine\/#primaryimage\"},\"thumbnailUrl\":\"https:\/\/eternumebrietas.org\/wp-content\/uploads\/2025\/03\/vinho-branco-titanium-750ml.png\",\"datePublished\":\"2025-03-09T18:21:51+00:00\",\"dateModified\":\"2025-11-11T15:04:33+00:00\",\"description\":\"Discover Eternum Ebrietas White Wine from Beira-Baixa, Portugal. Organic mountain wine with elegant, fresh flavors, perfect for meals or as a gourmet gift.\",\"breadcrumb\":{\"@id\":\"https:\/\/eternumebrietas.org\/product\/organic-white-wine\/#breadcrumb\"},\"inLanguage\":\"pt-PT\",\"potentialAction\":[{\"@type\":\"ReadAction\",\"target\":[\"https:\/\/eternumebrietas.org\/product\/organic-white-wine\/\"]}]},{\"@type\":\"ImageObject\",\"inLanguage\":\"pt-PT\",\"@id\":\"https:\/\/eternumebrietas.org\/product\/organic-white-wine\/#primaryimage\",\"url\":\"https:\/\/eternumebrietas.org\/wp-content\/uploads\/2025\/03\/vinho-branco-titanium-750ml.png\",\"contentUrl\":\"https:\/\/eternumebrietas.org\/wp-content\/uploads\/2025\/03\/vinho-branco-titanium-750ml.png\",\"width\":900,\"height\":900,\"caption\":\"vinho branco 750ml\"},{\"@type\":\"BreadcrumbList\",\"@id\":\"https:\/\/eternumebrietas.org\/product\/organic-white-wine\/#breadcrumb\",\"itemListElement\":[{\"@type\":\"ListItem\",\"position\":1,\"name\":\"Home\",\"item\":\"https:\/\/eternumebrietas.org\/\"},{\"@type\":\"ListItem\",\"position\":2,\"name\":\"Shop\",\"item\":\"https:\/\/eternumebrietas.org\/shop\/\"},{\"@type\":\"ListItem\",\"position\":3,\"name\":\"White Wine from Beira-Baixa \u2013 750ml | Portugal\"}]},{\"@type\":\"WebSite\",\"@id\":\"https:\/\/eternumebrietas.org\/#website\",\"url\":\"https:\/\/eternumebrietas.org\/\",\"name\":\"https:\/\/eternumebrietas.org\/\",\"description\":\"Eternum Ebrietas\",\"publisher\":{\"@id\":\"https:\/\/eternumebrietas.org\/#organization\"},\"alternateName\":\"Eternum Ebrietas\",\"potentialAction\":[{\"@type\":\"SearchAction\",\"target\":{\"@type\":\"EntryPoint\",\"urlTemplate\":\"https:\/\/eternumebrietas.org\/?s={search_term_string}\"},\"query-input\":{\"@type\":\"PropertyValueSpecification\",\"valueRequired\":true,\"valueName\":\"search_term_string\"}}],\"inLanguage\":\"pt-PT\"},{\"@type\":\"Organization\",\"@id\":\"https:\/\/eternumebrietas.org\/#organization\",\"name\":\"https:\/\/eternumebrietas.org\/\",\"alternateName\":\"Eternum Ebrietas\",\"url\":\"https:\/\/eternumebrietas.org\/\",\"logo\":{\"@type\":\"ImageObject\",\"inLanguage\":\"pt-PT\",\"@id\":\"https:\/\/eternumebrietas.org\/#\/schema\/logo\/image\/\",\"url\":\"https:\/\/eternumebrietas.org\/wp-content\/uploads\/2025\/02\/EE01gold.png\",\"contentUrl\":\"https:\/\/eternumebrietas.org\/wp-content\/uploads\/2025\/02\/EE01gold.png\",\"width\":2352,\"height\":2361,\"caption\":\"https:\/\/eternumebrietas.org\/\"},\"image\":{\"@id\":\"https:\/\/eternumebrietas.org\/#\/schema\/logo\/image\/\"},\"sameAs\":[\"https:\/\/www.facebook.com\/profile.php?id=61568619625789\",\"https:\/\/www.instagram.com\/eternum_ebrietas\/\"]}]}<\/script>\n<!-- \/ Yoast SEO Premium plugin. -->","yoast_head_json":{"title":"Eternum Ebrietas | White Wine from Beira-Baixa \u2013 750ml | Portugal","description":"Discover Eternum Ebrietas White Wine from Beira-Baixa, Portugal. Organic mountain wine with elegant, fresh flavors, perfect for meals or as a gourmet gift.","robots":{"index":"index","follow":"follow","max-snippet":"max-snippet:-1","max-image-preview":"max-image-preview:large","max-video-preview":"max-video-preview:-1"},"canonical":"https:\/\/eternumebrietas.org\/pt\/product\/vinho-branco-biologico\/","og_locale":"pt_PT","og_type":"article","og_title":"White Wine from Beira-Baixa \u2013 750ml | Portugal","og_description":"Discover Eternum Ebrietas White Wine from Beira-Baixa, Portugal. Organic mountain wine with elegant, fresh flavors, perfect for meals or as a gourmet gift.","og_url":"https:\/\/eternumebrietas.org\/pt\/product\/vinho-branco-biologico\/","og_site_name":"Eternum Ebrietas","article_publisher":"https:\/\/www.facebook.com\/profile.php?id=61568619625789","article_modified_time":"2025-11-11T15:04:33+00:00","og_image":[{"width":900,"height":900,"url":"https:\/\/eternumebrietas.org\/wp-content\/uploads\/2025\/03\/vinho-branco-titanium-750ml.png","type":"image\/png"}],"twitter_card":"summary_large_image","twitter_misc":{"Est. reading time":"2 minutes"},"schema":{"@context":"https:\/\/schema.org","@graph":[{"@type":"WebPage","@id":"https:\/\/eternumebrietas.org\/product\/organic-white-wine\/","url":"https:\/\/eternumebrietas.org\/product\/organic-white-wine\/","name":"Eternum Ebrietas | White Wine from Beira-Baixa \u2013 750ml | Portugal","isPartOf":{"@id":"https:\/\/eternumebrietas.org\/#website"},"primaryImageOfPage":{"@id":"https:\/\/eternumebrietas.org\/product\/organic-white-wine\/#primaryimage"},"image":{"@id":"https:\/\/eternumebrietas.org\/product\/organic-white-wine\/#primaryimage"},"thumbnailUrl":"https:\/\/eternumebrietas.org\/wp-content\/uploads\/2025\/03\/vinho-branco-titanium-750ml.png","datePublished":"2025-03-09T18:21:51+00:00","dateModified":"2025-11-11T15:04:33+00:00","description":"Discover Eternum Ebrietas White Wine from Beira-Baixa, Portugal. Organic mountain wine with elegant, fresh flavors, perfect for meals or as a gourmet gift.","breadcrumb":{"@id":"https:\/\/eternumebrietas.org\/product\/organic-white-wine\/#breadcrumb"},"inLanguage":"pt-PT","potentialAction":[{"@type":"ReadAction","target":["https:\/\/eternumebrietas.org\/product\/organic-white-wine\/"]}]},{"@type":"ImageObject","inLanguage":"pt-PT","@id":"https:\/\/eternumebrietas.org\/product\/organic-white-wine\/#primaryimage","url":"https:\/\/eternumebrietas.org\/wp-content\/uploads\/2025\/03\/vinho-branco-titanium-750ml.png","contentUrl":"https:\/\/eternumebrietas.org\/wp-content\/uploads\/2025\/03\/vinho-branco-titanium-750ml.png","width":900,"height":900,"caption":"vinho branco 750ml"},{"@type":"BreadcrumbList","@id":"https:\/\/eternumebrietas.org\/product\/organic-white-wine\/#breadcrumb","itemListElement":[{"@type":"ListItem","position":1,"name":"Home","item":"https:\/\/eternumebrietas.org\/"},{"@type":"ListItem","position":2,"name":"Shop","item":"https:\/\/eternumebrietas.org\/shop\/"},{"@type":"ListItem","position":3,"name":"White Wine from Beira-Baixa \u2013 750ml | Portugal"}]},{"@type":"WebSite","@id":"https:\/\/eternumebrietas.org\/#website","url":"https:\/\/eternumebrietas.org\/","name":"https:\/\/eternumebrietas.org\/","description":"Eternum Ebrietas","publisher":{"@id":"https:\/\/eternumebrietas.org\/#organization"},"alternateName":"Eternum Ebrietas","potentialAction":[{"@type":"SearchAction","target":{"@type":"EntryPoint","urlTemplate":"https:\/\/eternumebrietas.org\/?s={search_term_string}"},"query-input":{"@type":"PropertyValueSpecification","valueRequired":true,"valueName":"search_term_string"}}],"inLanguage":"pt-PT"},{"@type":"Organization","@id":"https:\/\/eternumebrietas.org\/#organization","name":"https:\/\/eternumebrietas.org\/","alternateName":"Eternum Ebrietas","url":"https:\/\/eternumebrietas.org\/","logo":{"@type":"ImageObject","inLanguage":"pt-PT","@id":"https:\/\/eternumebrietas.org\/#\/schema\/logo\/image\/","url":"https:\/\/eternumebrietas.org\/wp-content\/uploads\/2025\/02\/EE01gold.png","contentUrl":"https:\/\/eternumebrietas.org\/wp-content\/uploads\/2025\/02\/EE01gold.png","width":2352,"height":2361,"caption":"https:\/\/eternumebrietas.org\/"},"image":{"@id":"https:\/\/eternumebrietas.org\/#\/schema\/logo\/image\/"},"sameAs":["https:\/\/www.facebook.com\/profile.php?id=61568619625789","https:\/\/www.instagram.com\/eternum_ebrietas\/"]}]}},"_links":{"self":[{"href":"https:\/\/eternumebrietas.org\/pt\/wp-json\/wp\/v2\/product\/6950","targetHints":{"allow":["GET"]}}],"collection":[{"href":"https:\/\/eternumebrietas.org\/pt\/wp-json\/wp\/v2\/product"}],"about":[{"href":"https:\/\/eternumebrietas.org\/pt\/wp-json\/wp\/v2\/types\/product"}],"replies":[{"embeddable":true,"href":"https:\/\/eternumebrietas.org\/pt\/wp-json\/wp\/v2\/comments?post=6950"}],"wp:featuredmedia":[{"embeddable":true,"href":"https:\/\/eternumebrietas.org\/pt\/wp-json\/wp\/v2\/media\/7554"}],"wp:attachment":[{"href":"https:\/\/eternumebrietas.org\/pt\/wp-json\/wp\/v2\/media?parent=6950"}],"wp:term":[{"taxonomy":"product_brand","embeddable":true,"href":"https:\/\/eternumebrietas.org\/pt\/wp-json\/wp\/v2\/product_brand?post=6950"},{"taxonomy":"product_cat","embeddable":true,"href":"https:\/\/eternumebrietas.org\/pt\/wp-json\/wp\/v2\/product_cat?post=6950"},{"taxonomy":"product_tag","embeddable":true,"href":"https:\/\/eternumebrietas.org\/pt\/wp-json\/wp\/v2\/product_tag?post=6950"}],"curies":[{"name":"wp","href":"https:\/\/api.w.org\/{rel}","templated":true}]}}