{"id":6950,"date":"2025-03-09T18:21:51","date_gmt":"2025-03-09T18:21:51","guid":{"rendered":"https:\/\/eternumebrietas.org\/?post_type=product&#038;p=6950"},"modified":"2025-11-11T15:04:33","modified_gmt":"2025-11-11T15:04:33","slug":"organic-white-wine","status":"publish","type":"product","link":"https:\/\/eternumebrietas.org\/fr\/product\/vin-blanc-bio\/","title":{"rendered":"Vin Blanc de Beira-Baixa \u2013 750ml | Portugal"},"content":{"rendered":"<div id=\"fws_69f4b1516e5c0\"  data-column-margin=\"default\" data-midnight=\"dark\"  class=\"wpb_row vc_row-fluid vc_row\"  style=\"padding-top: 0px; padding-bottom: 0px; \"><div class=\"row-bg-wrap\" data-bg-animation=\"none\" data-bg-animation-delay=\"\" data-bg-overlay=\"false\"><div class=\"inner-wrap row-bg-layer\" ><div class=\"row-bg viewport-desktop\"  style=\"\"><\/div><\/div><\/div><div class=\"row_col_wrap_12 col span_12 dark left\">\n\t<div  class=\"vc_col-sm-12 wpb_column column_container vc_column_container col no-extra-padding inherit_tablet inherit_phone\"  data-padding-pos=\"all\" data-has-bg-color=\"false\" data-bg-color=\"\" data-bg-opacity=\"1\" data-animation=\"\" data-delay=\"0\" >\n\t\t<div class=\"vc_column-inner\" >\n\t\t\t<div class=\"wpb_wrapper\">\n\t\t\t\t<div class=\"nectar-cta  text_hover_color_ff1053 alignment_tablet_default alignment_phone_default display_tablet_inherit display_phone_inherit\" data-color=\"default\" data-using-bg=\"false\" data-style=\"see-through\" data-display=\"block\" data-alignment=\"left\" data-text-color=\"std\" ><h6> <span class=\"text\">Retour \u00e0 la BOUTIQUE <\/span><span class=\"link_wrap\" ><a  class=\"link_text\" role=\"button\" href=\"https:\/\/eternumebrietas.org\/fr\/shop\/\"><span class=\"arrow\"><\/span><\/a><\/span><\/h6><\/div>\n\t\t\t<\/div> \n\t\t<\/div>\n\t<\/div> \n<\/div><\/div>\n\n\t\t<div id=\"fws_69f4b1516e9d2\"  data-column-margin=\"default\" data-midnight=\"dark\"  class=\"wpb_row vc_row-fluid vc_row\"  style=\"padding-top: 0px; padding-bottom: 0px; \"><div class=\"row-bg-wrap\" data-bg-animation=\"none\" data-bg-animation-delay=\"\" data-bg-overlay=\"false\"><div class=\"inner-wrap row-bg-layer\" ><div class=\"row-bg viewport-desktop\"  style=\"\"><\/div><\/div><\/div><div class=\"row_col_wrap_12 col span_12 dark left\">\n\t<div  class=\"vc_col-sm-12 wpb_column column_container vc_column_container col no-extra-padding inherit_tablet inherit_phone\"  data-padding-pos=\"all\" data-has-bg-color=\"false\" data-bg-color=\"\" data-bg-opacity=\"1\" data-animation=\"\" data-delay=\"0\" >\n\t\t<div class=\"vc_column-inner\" >\n\t\t\t<div class=\"wpb_wrapper\">\n\t\t\t\t\n<div class=\"wpb_text_column wpb_content_element\" >\n\t<div class=\"wpb_wrapper\">\n\t\t<h3 data-start=\"270\" data-end=\"623\">Vin blanc<\/h3>\n<p data-start=\"270\" data-end=\"623\"><em data-start=\"270\" data-end=\"621\">Le vin blanc Eternum Ebrietas est issu des vignobles en terrasses des montagnes de Beira-Baixa, au Portugal. Cette bouteille de 750 ml contient un vin biologique de haute qualit\u00e9, \u00e9labor\u00e9 \u00e0 partir de raisins soigneusement s\u00e9lectionn\u00e9s. Les raisins poussent sur des sols rocailleux et b\u00e9n\u00e9ficient de la fra\u00eecheur des brises de montagne, qui conf\u00e8rent aux vins leur caract\u00e8re unique et l'expression du terroir local.<\/em><\/p>\n<p data-start=\"630\" data-end=\"1092\"><em data-start=\"630\" data-end=\"1090\">Les vins de cette r\u00e9gion offrent des saveurs \u00e9l\u00e9gantes et complexes. Par exemple, les chardonnays sont cr\u00e9meux et \u00e9quilibr\u00e9s, avec de d\u00e9licats ar\u00f4mes floraux et fruit\u00e9s. De plus, les pinots blancs offrent une bouche fra\u00eeche et vive, tandis que les autres c\u00e9pages blancs expriment de subtiles notes min\u00e9rales qui refl\u00e8tent les sols rocailleux des montagnes. Tous les vins t\u00e9moignent du savoir-faire et de la tradition des vignerons de la Beira-Baixa, qui appliquent des pratiques durables et biologiques dans leurs vignobles.<\/em><\/p>\n\t<\/div>\n<\/div>\n\n\n\n\n\t\t\t<\/div> \n\t\t<\/div>\n\t<\/div> \n<\/div><\/div>\n\t\t<div id=\"fws_69f4b1516ed23\"  data-column-margin=\"default\" data-midnight=\"dark\"  class=\"wpb_row vc_row-fluid vc_row full-width-content vc_row-o-equal-height vc_row-flex vc_row-o-content-top\"  style=\"padding-top: 0px; padding-bottom: 0px; \"><div class=\"row-bg-wrap\" data-bg-animation=\"none\" data-bg-animation-delay=\"\" data-bg-overlay=\"false\"><div class=\"inner-wrap row-bg-layer\" ><div class=\"row-bg viewport-desktop\"  style=\"\"><\/div><\/div><\/div><div class=\"row_col_wrap_12 col span_12 dark left\">\n\t<div  class=\"vc_col-sm-12 wpb_column column_container vc_column_container col no-extra-padding inherit_tablet inherit_phone\"  data-padding-pos=\"all\" data-has-bg-color=\"false\" data-bg-color=\"\" data-bg-opacity=\"1\" data-animation=\"\" data-delay=\"0\" >\n\t\t<div class=\"vc_column-inner\" >\n\t\t\t<div class=\"wpb_wrapper\">\n\t\t\t\t<div class=\"nectar_video_player_self_hosted wpb_video_widget wpb_content_element vc_clearfix vc_video-aspect-ratio-916 vc_video-el-width-100 vc_video-align-center\" data-border-radius=\"none\" data-shadow=\"none\">\n<div class=\"wpb_wrapper\"><div class=\"wpb_video_wrapper\"><video width=\"1280\" height=\"720\" class=\"nectar-video-self-hosted\" preload=\"auto\" controls controlslist=\"nodownload\"><source src=\"https:\/\/eternumebrietas.org\/wp-content\/uploads\/2025\/03\/VID_20250904_174133.mp4\"  type=\"video\/mp4\"><\/video><\/div><\/div><\/div>\n\t\t\t<\/div> \n\t\t<\/div>\n\t<\/div> \n<\/div><\/div>\n\t\t<div id=\"fws_69f4b1516efad\"  data-column-margin=\"default\" data-midnight=\"dark\"  class=\"wpb_row vc_row-fluid vc_row\"  style=\"padding-top: 0px; padding-bottom: 0px; \"><div class=\"row-bg-wrap\" data-bg-animation=\"none\" data-bg-animation-delay=\"\" data-bg-overlay=\"false\"><div class=\"inner-wrap row-bg-layer\" ><div class=\"row-bg viewport-desktop\"  style=\"\"><\/div><\/div><\/div><div class=\"row_col_wrap_12 col span_12 dark left\">\n\t<div  class=\"vc_col-sm-12 wpb_column column_container vc_column_container col no-extra-padding inherit_tablet inherit_phone\"  data-padding-pos=\"all\" data-has-bg-color=\"false\" data-bg-color=\"\" data-bg-opacity=\"1\" data-animation=\"\" data-delay=\"0\" >\n\t\t<div class=\"vc_column-inner\" >\n\t\t\t<div class=\"wpb_wrapper\">\n\t\t\t\t\n<div class=\"wpb_text_column wpb_content_element\" >\n\t<div class=\"wpb_wrapper\">\n\t\t<p data-start=\"1099\" data-end=\"1476\"><em data-start=\"1099\" data-end=\"1474\">Les bouteilles traditionnelles de 750 ml pr\u00e9servent les ar\u00f4mes et les saveurs du vin, ce qui en fait un vin id\u00e9al \u00e0 d\u00e9guster avec des repas l\u00e9gers ou seul. De plus, ces vins sont parfaits pour les f\u00eates, les rassemblements ou comme cadeaux gourmands pour les amateurs de vin. Chaque gorg\u00e9e offre un v\u00e9ritable aper\u00e7u de la viticulture de montagne portugaise, soulignant l'harmonie entre la nature et une gestion rigoureuse du vignoble.<\/em><\/p>\n<p data-start=\"1483\" data-end=\"1871\"><em data-start=\"1483\" data-end=\"1869\">De plus, les vignerons d'Eternum Ebrietas accordent une attention particuli\u00e8re \u00e0 chaque \u00e9tape de la production, de la gestion du vignoble \u00e0 la r\u00e9colte et \u00e0 la fermentation, garantissant ainsi une qualit\u00e9 constante. Ainsi, chaque bouteille incarne le terroir unique de la Beira-Baixa et le d\u00e9vouement des vignerons. Ces vins s'accordent parfaitement avec les fruits de mer, la volaille, les plats m\u00e9diterran\u00e9ens ou les fromages \u00e0 p\u00e2te molle.<\/em><\/p>\n<p data-start=\"1878\" data-end=\"2128\"><em data-start=\"1878\" data-end=\"2126\">Que ce soit pour un moment convivial ou pour des occasions sp\u00e9ciales, le vin blanc Eternum Ebrietas offre \u00e9l\u00e9gance, fra\u00eecheur et authenticit\u00e9. C'est un excellent choix pour les amateurs de vins de montagne bio, alliant saveur et tradition \u00e0 chaque verre.<\/em><\/p>\n<p>EAN: 5600174619371<\/p>\n<p>Vin Blanc \u2013 750 ml | Le Portugal est vendu directement du producteur au client.<\/p>\n\t<\/div>\n<\/div>\n\n\n\n\n\t\t\t<\/div> \n\t\t<\/div>\n\t<\/div> \n<\/div><\/div>\n\n\t\t<div id=\"fws_69f4b1516f251\"  data-column-margin=\"default\" data-midnight=\"dark\"  class=\"wpb_row vc_row-fluid vc_row\"  style=\"padding-top: 0px; padding-bottom: 0px; \"><div class=\"row-bg-wrap\" data-bg-animation=\"none\" data-bg-animation-delay=\"\" data-bg-overlay=\"false\"><div class=\"inner-wrap row-bg-layer\" ><div class=\"row-bg viewport-desktop\"  style=\"\"><\/div><\/div><\/div><div class=\"row_col_wrap_12 col span_12 dark left\">\n\t<div  class=\"vc_col-sm-12 wpb_column column_container vc_column_container col no-extra-padding inherit_tablet inherit_phone\"  data-padding-pos=\"all\" data-has-bg-color=\"false\" data-bg-color=\"\" data-bg-opacity=\"1\" data-animation=\"\" data-delay=\"0\" >\n\t\t<div class=\"vc_column-inner\" >\n\t\t\t<div class=\"wpb_wrapper\">\n\t\t\t\t<div class=\"nectar-cta  text_hover_color_ff1053 alignment_tablet_default alignment_phone_default display_tablet_inherit display_phone_inherit\" data-color=\"default\" data-using-bg=\"false\" data-style=\"see-through\" data-display=\"block\" data-alignment=\"left\" data-text-color=\"std\" ><h6> <span class=\"text\">Retour \u00e0 la BOUTIQUE <\/span><span class=\"link_wrap\" ><a  class=\"link_text\" role=\"button\" href=\"https:\/\/eternumebrietas.org\/fr\/shop\/\"><span class=\"arrow\"><\/span><\/a><\/span><\/h6><\/div>\n\t\t\t<\/div> \n\t\t<\/div>\n\t<\/div> \n<\/div><\/div>","protected":false},"excerpt":{"rendered":"<p>Vins blancs produits \u00e0 partir de raisins cultiv\u00e9s dans les vignobles en terrasses des montagnes de Beira-Baixa au Portugal.<\/p>","protected":false},"featured_media":7554,"comment_status":"open","ping_status":"closed","template":"","meta":[],"product_brand":[246],"product_cat":[313,143],"product_tag":[230,235,146,231,234,145],"class_list":{"0":"post-6950","1":"product","2":"type-product","3":"status-publish","4":"has-post-thumbnail","6":"product_brand-eternum-ebrietas","7":"product_cat-mountain-products","8":"product_cat-wine","9":"product_tag-beira-baixa","10":"product_tag-bio","11":"product_tag-organic","12":"product_tag-portugal","13":"product_tag-white-wine","14":"product_tag-wine","16":"first","17":"instock","18":"sale","19":"shipping-taxable","20":"purchasable","21":"product-type-simple"},"yoast_head":"<!-- This site is optimized with the Yoast SEO Premium plugin v25.8 (Yoast SEO v25.8) - https:\/\/yoast.com\/wordpress\/plugins\/seo\/ -->\n<title>Eternum Ebrietas | White Wine from Beira-Baixa \u2013 750ml | Portugal<\/title>\n<meta name=\"description\" content=\"Discover Eternum Ebrietas White Wine from Beira-Baixa, Portugal. Organic mountain wine with elegant, fresh flavors, perfect for meals or as a gourmet gift.\" \/>\n<meta name=\"robots\" content=\"index, follow, max-snippet:-1, max-image-preview:large, max-video-preview:-1\" \/>\n<link rel=\"canonical\" href=\"https:\/\/eternumebrietas.org\/fr\/product\/vin-blanc-bio\/\" \/>\n<meta property=\"og:locale\" content=\"fr_FR\" \/>\n<meta property=\"og:type\" content=\"article\" \/>\n<meta property=\"og:title\" content=\"White Wine from Beira-Baixa \u2013 750ml | Portugal\" \/>\n<meta property=\"og:description\" content=\"Discover Eternum Ebrietas White Wine from Beira-Baixa, Portugal. Organic mountain wine with elegant, fresh flavors, perfect for meals or as a gourmet gift.\" \/>\n<meta property=\"og:url\" content=\"https:\/\/eternumebrietas.org\/fr\/product\/vin-blanc-bio\/\" \/>\n<meta property=\"og:site_name\" content=\"Eternum Ebrietas\" \/>\n<meta property=\"article:publisher\" content=\"https:\/\/www.facebook.com\/profile.php?id=61568619625789\" \/>\n<meta property=\"article:modified_time\" content=\"2025-11-11T15:04:33+00:00\" \/>\n<meta property=\"og:image\" content=\"https:\/\/eternumebrietas.org\/wp-content\/uploads\/2025\/03\/vinho-branco-titanium-750ml.png\" \/>\n\t<meta property=\"og:image:width\" content=\"900\" \/>\n\t<meta property=\"og:image:height\" content=\"900\" \/>\n\t<meta property=\"og:image:type\" content=\"image\/png\" \/>\n<meta name=\"twitter:card\" content=\"summary_large_image\" \/>\n<meta name=\"twitter:label1\" content=\"Est. reading time\" \/>\n\t<meta name=\"twitter:data1\" content=\"2 minutes\" \/>\n<script type=\"application\/ld+json\" class=\"yoast-schema-graph\">{\"@context\":\"https:\/\/schema.org\",\"@graph\":[{\"@type\":\"WebPage\",\"@id\":\"https:\/\/eternumebrietas.org\/product\/organic-white-wine\/\",\"url\":\"https:\/\/eternumebrietas.org\/product\/organic-white-wine\/\",\"name\":\"Eternum Ebrietas | White Wine from Beira-Baixa \u2013 750ml | Portugal\",\"isPartOf\":{\"@id\":\"https:\/\/eternumebrietas.org\/#website\"},\"primaryImageOfPage\":{\"@id\":\"https:\/\/eternumebrietas.org\/product\/organic-white-wine\/#primaryimage\"},\"image\":{\"@id\":\"https:\/\/eternumebrietas.org\/product\/organic-white-wine\/#primaryimage\"},\"thumbnailUrl\":\"https:\/\/eternumebrietas.org\/wp-content\/uploads\/2025\/03\/vinho-branco-titanium-750ml.png\",\"datePublished\":\"2025-03-09T18:21:51+00:00\",\"dateModified\":\"2025-11-11T15:04:33+00:00\",\"description\":\"Discover Eternum Ebrietas White Wine from Beira-Baixa, Portugal. Organic mountain wine with elegant, fresh flavors, perfect for meals or as a gourmet gift.\",\"breadcrumb\":{\"@id\":\"https:\/\/eternumebrietas.org\/product\/organic-white-wine\/#breadcrumb\"},\"inLanguage\":\"fr-FR\",\"potentialAction\":[{\"@type\":\"ReadAction\",\"target\":[\"https:\/\/eternumebrietas.org\/product\/organic-white-wine\/\"]}]},{\"@type\":\"ImageObject\",\"inLanguage\":\"fr-FR\",\"@id\":\"https:\/\/eternumebrietas.org\/product\/organic-white-wine\/#primaryimage\",\"url\":\"https:\/\/eternumebrietas.org\/wp-content\/uploads\/2025\/03\/vinho-branco-titanium-750ml.png\",\"contentUrl\":\"https:\/\/eternumebrietas.org\/wp-content\/uploads\/2025\/03\/vinho-branco-titanium-750ml.png\",\"width\":900,\"height\":900,\"caption\":\"vinho branco 750ml\"},{\"@type\":\"BreadcrumbList\",\"@id\":\"https:\/\/eternumebrietas.org\/product\/organic-white-wine\/#breadcrumb\",\"itemListElement\":[{\"@type\":\"ListItem\",\"position\":1,\"name\":\"Home\",\"item\":\"https:\/\/eternumebrietas.org\/\"},{\"@type\":\"ListItem\",\"position\":2,\"name\":\"Shop\",\"item\":\"https:\/\/eternumebrietas.org\/shop\/\"},{\"@type\":\"ListItem\",\"position\":3,\"name\":\"White Wine from Beira-Baixa \u2013 750ml | Portugal\"}]},{\"@type\":\"WebSite\",\"@id\":\"https:\/\/eternumebrietas.org\/#website\",\"url\":\"https:\/\/eternumebrietas.org\/\",\"name\":\"https:\/\/eternumebrietas.org\/\",\"description\":\"Eternum Ebrietas\",\"publisher\":{\"@id\":\"https:\/\/eternumebrietas.org\/#organization\"},\"alternateName\":\"Eternum Ebrietas\",\"potentialAction\":[{\"@type\":\"SearchAction\",\"target\":{\"@type\":\"EntryPoint\",\"urlTemplate\":\"https:\/\/eternumebrietas.org\/?s={search_term_string}\"},\"query-input\":{\"@type\":\"PropertyValueSpecification\",\"valueRequired\":true,\"valueName\":\"search_term_string\"}}],\"inLanguage\":\"fr-FR\"},{\"@type\":\"Organization\",\"@id\":\"https:\/\/eternumebrietas.org\/#organization\",\"name\":\"https:\/\/eternumebrietas.org\/\",\"alternateName\":\"Eternum Ebrietas\",\"url\":\"https:\/\/eternumebrietas.org\/\",\"logo\":{\"@type\":\"ImageObject\",\"inLanguage\":\"fr-FR\",\"@id\":\"https:\/\/eternumebrietas.org\/#\/schema\/logo\/image\/\",\"url\":\"https:\/\/eternumebrietas.org\/wp-content\/uploads\/2025\/02\/EE01gold.png\",\"contentUrl\":\"https:\/\/eternumebrietas.org\/wp-content\/uploads\/2025\/02\/EE01gold.png\",\"width\":2352,\"height\":2361,\"caption\":\"https:\/\/eternumebrietas.org\/\"},\"image\":{\"@id\":\"https:\/\/eternumebrietas.org\/#\/schema\/logo\/image\/\"},\"sameAs\":[\"https:\/\/www.facebook.com\/profile.php?id=61568619625789\",\"https:\/\/www.instagram.com\/eternum_ebrietas\/\"]}]}<\/script>\n<!-- \/ Yoast SEO Premium plugin. -->","yoast_head_json":{"title":"Eternum Ebrietas | White Wine from Beira-Baixa \u2013 750ml | Portugal","description":"Discover Eternum Ebrietas White Wine from Beira-Baixa, Portugal. Organic mountain wine with elegant, fresh flavors, perfect for meals or as a gourmet gift.","robots":{"index":"index","follow":"follow","max-snippet":"max-snippet:-1","max-image-preview":"max-image-preview:large","max-video-preview":"max-video-preview:-1"},"canonical":"https:\/\/eternumebrietas.org\/fr\/product\/vin-blanc-bio\/","og_locale":"fr_FR","og_type":"article","og_title":"White Wine from Beira-Baixa \u2013 750ml | Portugal","og_description":"Discover Eternum Ebrietas White Wine from Beira-Baixa, Portugal. Organic mountain wine with elegant, fresh flavors, perfect for meals or as a gourmet gift.","og_url":"https:\/\/eternumebrietas.org\/fr\/product\/vin-blanc-bio\/","og_site_name":"Eternum Ebrietas","article_publisher":"https:\/\/www.facebook.com\/profile.php?id=61568619625789","article_modified_time":"2025-11-11T15:04:33+00:00","og_image":[{"width":900,"height":900,"url":"https:\/\/eternumebrietas.org\/wp-content\/uploads\/2025\/03\/vinho-branco-titanium-750ml.png","type":"image\/png"}],"twitter_card":"summary_large_image","twitter_misc":{"Est. reading time":"2 minutes"},"schema":{"@context":"https:\/\/schema.org","@graph":[{"@type":"WebPage","@id":"https:\/\/eternumebrietas.org\/product\/organic-white-wine\/","url":"https:\/\/eternumebrietas.org\/product\/organic-white-wine\/","name":"Eternum Ebrietas | White Wine from Beira-Baixa \u2013 750ml | Portugal","isPartOf":{"@id":"https:\/\/eternumebrietas.org\/#website"},"primaryImageOfPage":{"@id":"https:\/\/eternumebrietas.org\/product\/organic-white-wine\/#primaryimage"},"image":{"@id":"https:\/\/eternumebrietas.org\/product\/organic-white-wine\/#primaryimage"},"thumbnailUrl":"https:\/\/eternumebrietas.org\/wp-content\/uploads\/2025\/03\/vinho-branco-titanium-750ml.png","datePublished":"2025-03-09T18:21:51+00:00","dateModified":"2025-11-11T15:04:33+00:00","description":"Discover Eternum Ebrietas White Wine from Beira-Baixa, Portugal. Organic mountain wine with elegant, fresh flavors, perfect for meals or as a gourmet gift.","breadcrumb":{"@id":"https:\/\/eternumebrietas.org\/product\/organic-white-wine\/#breadcrumb"},"inLanguage":"fr-FR","potentialAction":[{"@type":"ReadAction","target":["https:\/\/eternumebrietas.org\/product\/organic-white-wine\/"]}]},{"@type":"ImageObject","inLanguage":"fr-FR","@id":"https:\/\/eternumebrietas.org\/product\/organic-white-wine\/#primaryimage","url":"https:\/\/eternumebrietas.org\/wp-content\/uploads\/2025\/03\/vinho-branco-titanium-750ml.png","contentUrl":"https:\/\/eternumebrietas.org\/wp-content\/uploads\/2025\/03\/vinho-branco-titanium-750ml.png","width":900,"height":900,"caption":"vinho branco 750ml"},{"@type":"BreadcrumbList","@id":"https:\/\/eternumebrietas.org\/product\/organic-white-wine\/#breadcrumb","itemListElement":[{"@type":"ListItem","position":1,"name":"Home","item":"https:\/\/eternumebrietas.org\/"},{"@type":"ListItem","position":2,"name":"Shop","item":"https:\/\/eternumebrietas.org\/shop\/"},{"@type":"ListItem","position":3,"name":"White Wine from Beira-Baixa \u2013 750ml | Portugal"}]},{"@type":"WebSite","@id":"https:\/\/eternumebrietas.org\/#website","url":"https:\/\/eternumebrietas.org\/","name":"https:\/\/eternumebrietas.org\/","description":"Eternum Ebrietas","publisher":{"@id":"https:\/\/eternumebrietas.org\/#organization"},"alternateName":"Eternum Ebrietas","potentialAction":[{"@type":"SearchAction","target":{"@type":"EntryPoint","urlTemplate":"https:\/\/eternumebrietas.org\/?s={search_term_string}"},"query-input":{"@type":"PropertyValueSpecification","valueRequired":true,"valueName":"search_term_string"}}],"inLanguage":"fr-FR"},{"@type":"Organization","@id":"https:\/\/eternumebrietas.org\/#organization","name":"https:\/\/eternumebrietas.org\/","alternateName":"Eternum Ebrietas","url":"https:\/\/eternumebrietas.org\/","logo":{"@type":"ImageObject","inLanguage":"fr-FR","@id":"https:\/\/eternumebrietas.org\/#\/schema\/logo\/image\/","url":"https:\/\/eternumebrietas.org\/wp-content\/uploads\/2025\/02\/EE01gold.png","contentUrl":"https:\/\/eternumebrietas.org\/wp-content\/uploads\/2025\/02\/EE01gold.png","width":2352,"height":2361,"caption":"https:\/\/eternumebrietas.org\/"},"image":{"@id":"https:\/\/eternumebrietas.org\/#\/schema\/logo\/image\/"},"sameAs":["https:\/\/www.facebook.com\/profile.php?id=61568619625789","https:\/\/www.instagram.com\/eternum_ebrietas\/"]}]}},"_links":{"self":[{"href":"https:\/\/eternumebrietas.org\/fr\/wp-json\/wp\/v2\/product\/6950","targetHints":{"allow":["GET"]}}],"collection":[{"href":"https:\/\/eternumebrietas.org\/fr\/wp-json\/wp\/v2\/product"}],"about":[{"href":"https:\/\/eternumebrietas.org\/fr\/wp-json\/wp\/v2\/types\/product"}],"replies":[{"embeddable":true,"href":"https:\/\/eternumebrietas.org\/fr\/wp-json\/wp\/v2\/comments?post=6950"}],"wp:featuredmedia":[{"embeddable":true,"href":"https:\/\/eternumebrietas.org\/fr\/wp-json\/wp\/v2\/media\/7554"}],"wp:attachment":[{"href":"https:\/\/eternumebrietas.org\/fr\/wp-json\/wp\/v2\/media?parent=6950"}],"wp:term":[{"taxonomy":"product_brand","embeddable":true,"href":"https:\/\/eternumebrietas.org\/fr\/wp-json\/wp\/v2\/product_brand?post=6950"},{"taxonomy":"product_cat","embeddable":true,"href":"https:\/\/eternumebrietas.org\/fr\/wp-json\/wp\/v2\/product_cat?post=6950"},{"taxonomy":"product_tag","embeddable":true,"href":"https:\/\/eternumebrietas.org\/fr\/wp-json\/wp\/v2\/product_tag?post=6950"}],"curies":[{"name":"wp","href":"https:\/\/api.w.org\/{rel}","templated":true}]}}