{"id":7639,"date":"2025-09-25T00:05:10","date_gmt":"2025-09-25T00:05:10","guid":{"rendered":"https:\/\/eternumebrietas.org\/?post_type=product&#038;p=7639"},"modified":"2025-10-01T00:32:14","modified_gmt":"2025-10-01T00:32:14","slug":"wild-lauro","status":"publish","type":"product","link":"https:\/\/eternumebrietas.org\/de\/product\/wild-lauro\/","title":{"rendered":"Wilder Lauro"},"content":{"rendered":"<div id=\"fws_69f4c4f5169d3\"  data-column-margin=\"default\" data-midnight=\"dark\"  class=\"wpb_row vc_row-fluid vc_row\"  style=\"padding-top: 0px; padding-bottom: 0px; \"><div class=\"row-bg-wrap\" data-bg-animation=\"none\" data-bg-animation-delay=\"\" data-bg-overlay=\"false\"><div class=\"inner-wrap row-bg-layer\" ><div class=\"row-bg viewport-desktop\"  style=\"\"><\/div><\/div><\/div><div class=\"row_col_wrap_12 col span_12 dark left\">\n\t<div  class=\"vc_col-sm-12 wpb_column column_container vc_column_container col no-extra-padding inherit_tablet inherit_phone\"  data-padding-pos=\"all\" data-has-bg-color=\"false\" data-bg-color=\"\" data-bg-opacity=\"1\" data-animation=\"\" data-delay=\"0\" >\n\t\t<div class=\"vc_column-inner\" >\n\t\t\t<div class=\"wpb_wrapper\">\n\t\t\t\t<div class=\"nectar-cta  text_hover_color_ff1053 alignment_tablet_default alignment_phone_default display_tablet_inherit display_phone_inherit\" data-color=\"default\" data-using-bg=\"false\" data-style=\"see-through\" data-display=\"block\" data-alignment=\"left\" data-text-color=\"std\" ><h6> <span class=\"text\">Zur\u00fcck zum SHOP <\/span><span class=\"link_wrap\" ><a  class=\"link_text\" role=\"button\" href=\"https:\/\/eternumebrietas.org\/de\/shop\/\"><span class=\"arrow\"><\/span><\/a><\/span><\/h6><\/div>\n\t\t\t<\/div> \n\t\t<\/div>\n\t<\/div> \n<\/div><\/div>\n\n\t\t<div id=\"fws_69f4c4f516d7d\"  data-column-margin=\"default\" data-midnight=\"dark\"  class=\"wpb_row vc_row-fluid vc_row\"  style=\"padding-top: 0px; padding-bottom: 0px; \"><div class=\"row-bg-wrap\" data-bg-animation=\"none\" data-bg-animation-delay=\"\" data-bg-overlay=\"false\"><div class=\"inner-wrap row-bg-layer\" ><div class=\"row-bg viewport-desktop\"  style=\"\"><\/div><\/div><\/div><div class=\"row_col_wrap_12 col span_12 dark left\">\n\t<div  class=\"vc_col-sm-12 wpb_column column_container vc_column_container col no-extra-padding inherit_tablet inherit_phone\"  data-padding-pos=\"all\" data-has-bg-color=\"false\" data-bg-color=\"\" data-bg-opacity=\"1\" data-animation=\"\" data-delay=\"0\" >\n\t\t<div class=\"vc_column-inner\" >\n\t\t\t<div class=\"wpb_wrapper\">\n\t\t\t\t\n<div class=\"wpb_text_column wpb_content_element\" >\n\t<div class=\"wpb_wrapper\">\n\t\t<h3><strong>Wilder Lauro<\/strong><\/h3>\n<p>Laurierblad uit Beira-Baixa verwijst naar de bladeren van Laurus nobilis. Robuuste, groenblijvende struik of kleine boom, afkomstig uit het Middellandse Zeegebied. Groeit spontaan in de centraal-zuidelijke regio's van Portugal, waaronder Beira-Baixa.<\/p>\n<p>Wilde Lorbeerbl\u00e4tter sind ein traditionelles Gew\u00fcrz in der portugiesischen K\u00fcche. Sie werden in Eint\u00f6pfen, Br\u00fchen, So\u00dfen und sogar einigen Wurstwaren verwendet und sind f\u00fcr ihr tiefes Aroma und ihre milde Bitterkeit bekannt.<\/p>\n<h3 class=\"western\">Botanischer und regionaler Hintergrund<\/h3>\n<p>Der Lorbeer (Laurus nobilis) ist ein robuster, aromatischer Strauch oder kleiner Baum, der in den trockenen, sonnenbeschienenen H\u00fcgeln und T\u00e4lern der Beira-Baixa-Landschaft gedeiht. Er ist gut an das Klima der Region angepasst. Er \u00fcbersteht D\u00fcrren und karge B\u00f6den und ist daher ein fester Bestandteil der wilden mediterranen Macchia und l\u00e4ndlicher Hecken.<\/p>\n<p>Wilder Lorbeer ist nicht nur in Beira-Baixa zu finden, er ist in den W\u00e4ldern der Region, auf verlassenen Terrassen und entlang traditioneller Grundst\u00fccksgrenzen deutlich zu erkennen.<\/p>\n\t<\/div>\n<\/div>\n\n\n\n\n\t\t\t<\/div> \n\t\t<\/div>\n\t<\/div> \n<\/div><\/div>\n\t\t<div id=\"fws_69f4c4f517090\"  data-column-margin=\"default\" data-midnight=\"dark\"  class=\"wpb_row vc_row-fluid vc_row\"  style=\"padding-top: 0px; padding-bottom: 0px; \"><div class=\"row-bg-wrap\" data-bg-animation=\"none\" data-bg-animation-delay=\"\" data-bg-overlay=\"false\"><div class=\"inner-wrap row-bg-layer\" ><div class=\"row-bg viewport-desktop\"  style=\"\"><\/div><\/div><\/div><div class=\"row_col_wrap_12 col span_12 dark left\">\n\t<div  class=\"vc_col-sm-12 wpb_column column_container vc_column_container col no-extra-padding inherit_tablet inherit_phone\"  data-padding-pos=\"all\" data-has-bg-color=\"false\" data-bg-color=\"\" data-bg-opacity=\"1\" data-animation=\"\" data-delay=\"0\" >\n\t\t<div class=\"vc_column-inner\" >\n\t\t\t<div class=\"wpb_wrapper\">\n\t\t\t\t\n<div class=\"wpb_text_column wpb_content_element\" >\n\t<div class=\"wpb_wrapper\">\n\t\t<h2 class=\"western\">Nahrungssuche und Biodiversit\u00e4t<\/h2>\n<ul>\n<li class=\"translation-block\">Nachhaltiges Wildsammeln in Beira-Baixa bedeutet, nur kleine Mengen zu sammeln, ohne den Busch oder das \u00d6kosystem zu sch\u00e4digen. Wilder Lorbeer tr\u00e4gt zur lokalen Artenvielfalt und Bodenstabilit\u00e4t bei.<a href=\"https:\/\/www.homekeyportugal.com\/en\/detail\/wild-plants-beira-baixa-edible-plants-medicinal-herbs-foraging-tips-culinary-uses-wild-plants\/82167\" target=\"_blank\" rel=\"noopener\">homekeyportugal+1<\/a><\/li>\n<li class=\"translation-block\">W\u00e4chst in schattigen T\u00e4lern oder Mischw\u00e4ldern, oft unweit von Wasserl\u00e4ufen oder alten Terrassen.<a href=\"https:\/\/www.cmpb.pt\/imagens\/geral\/2024\/Atlas_Flora.pdf\" target=\"_blank\" rel=\"noopener\">cmpb+1<\/a><\/li>\n<\/ul>\n<h2 class=\"western\">\u00dcbersichtstabelle<\/h2>\n<table width=\"528\" cellspacing=\"0\" cellpadding=\"2\">\n<thead>\n<tr>\n<th width=\"119\">Attribut<\/th>\n<th width=\"401\">Laurus nobilis in Beira-Baixa<\/th>\n<\/tr>\n<\/thead>\n<tbody>\n<tr>\n<td width=\"119\">Lebensraum<\/td>\n<td width=\"401\" class=\"translation-block\">Feuchtes Waldland, schattige Bachufer <a href=\"https:\/\/www.mitra-nature.uevora.pt\/Especies-e-habitats\/Plantas\/Lenhosas\/Arbustos-e-Lianas\/Lauraceae\/Laurus-nobilis\" target=\"_blank\" rel=\"noopener\">mitra-nature.uevora+1<\/a><\/td>\n<\/tr>\n<tr>\n<td width=\"119\">Traditionelle Verwendung<\/td>\n<td width=\"401\" class=\"translation-block\">Eint\u00f6pfe, Suppen, Fleisch, W\u00fcrstchen <a href=\"https:\/\/algarvetastingbasket.com\/en\/bay-leaves\/\" target=\"_blank\" rel=\"noopener\">algarvetastingbasket+1<\/a><\/td>\n<\/tr>\n<tr>\n<td width=\"119\">Gesammelt oder angebaut<\/td>\n<td width=\"401\" class=\"translation-block\">Sowohl wild als auch kultiviert <a href=\"https:\/\/jb.utad.pt\/especie\/Laurus_nobilis\" target=\"_blank\" rel=\"noopener\">utad+1<\/a><\/td>\n<\/tr>\n<tr>\n<td width=\"119\">Symbolismus<\/td>\n<td width=\"401\" class=\"translation-block\">Sieg, Schutz, Erneuerung <a href=\"https:\/\/www.britannica.com\/topic\/bay-leaf\" target=\"_blank\" rel=\"noopener\">britannica+1<\/a><\/td>\n<\/tr>\n<tr>\n<td width=\"119\">Bekannte Vorteile<\/td>\n<td width=\"401\" class=\"translation-block\">Verdauungsf\u00f6rdernd, entz\u00fcndungshemmend <a href=\"https:\/\/chasdomundo.pt\/en\/healthy-and-superfoods\/herbs-and-spices\/bay-leaf-laurus-nobilis\" target=\"_blank\" rel=\"noopener\">chasdomundo+1<\/a><\/td>\n<\/tr>\n<\/tbody>\n<\/table>\n<p class=\"translation-block\">Wilde Lorbeerbl\u00e4tter (Laurus nobilis) sind nach wie vor eine aromatische, symboltr\u00e4chtige und praktische Wildressource in Beira-Baixa, Portugal. Sie verbinden weiterhin lokale Artenvielfalt, kulinarische Praktiken und l\u00e4ndliche Traditionen. <a href=\"https:\/\/www.mitra-nature.uevora.pt\/Especies-e-habitats\/Plantas\/Lenhosas\/Arbustos-e-Lianas\/Lauraceae\/Laurus-nobilis\" target=\"_blank\" rel=\"noopener\">mitra-nature.uevora+2<\/a><\/p>\n\t<\/div>\n<\/div>\n\n\n\n\n<div class=\"wpb_text_column wpb_content_element\" >\n\t<div class=\"wpb_wrapper\">\n\t\t<p>EAN: 5600174619326<\/p>\n<p>Wild Lauro \u2013 20 St\u00fcck | Portugal wird direkt vom Erzeuger an den Kunden verkauft.<\/p>\n\t<\/div>\n<\/div>\n\n\n\n\n\t\t\t<\/div> \n\t\t<\/div>\n\t<\/div> \n<\/div><\/div>\n\n\t\t<div id=\"fws_69f4c4f5174f7\"  data-column-margin=\"default\" data-midnight=\"dark\"  class=\"wpb_row vc_row-fluid vc_row\"  style=\"padding-top: 0px; padding-bottom: 0px; \"><div class=\"row-bg-wrap\" data-bg-animation=\"none\" data-bg-animation-delay=\"\" data-bg-overlay=\"false\"><div class=\"inner-wrap row-bg-layer\" ><div class=\"row-bg viewport-desktop\"  style=\"\"><\/div><\/div><\/div><div class=\"row_col_wrap_12 col span_12 dark left\">\n\t<div  class=\"vc_col-sm-12 wpb_column column_container vc_column_container col no-extra-padding inherit_tablet inherit_phone\"  data-padding-pos=\"all\" data-has-bg-color=\"false\" data-bg-color=\"\" data-bg-opacity=\"1\" data-animation=\"\" data-delay=\"0\" >\n\t\t<div class=\"vc_column-inner\" >\n\t\t\t<div class=\"wpb_wrapper\">\n\t\t\t\t<div class=\"nectar-cta  text_hover_color_ff1053 alignment_tablet_default alignment_phone_default display_tablet_inherit display_phone_inherit\" data-color=\"default\" data-using-bg=\"false\" data-style=\"see-through\" data-display=\"block\" data-alignment=\"left\" data-text-color=\"std\" ><h6> <span class=\"text\">Zur\u00fcck zum SHOP <\/span><span class=\"link_wrap\" ><a  class=\"link_text\" role=\"button\" href=\"https:\/\/eternumebrietas.org\/de\/shop\/\"><span class=\"arrow\"><\/span><\/a><\/span><\/h6><\/div>\n\t\t\t<\/div> \n\t\t<\/div>\n\t<\/div> \n<\/div><\/div>","protected":false},"excerpt":{"rendered":"<p>Das Blatt des wilden Lorbeerbaums (Laurus nobilis) von Eternm Ebrietas ist weiterhin eine aromatische, symbolische und praktische Wildressource in Beira-Baixa, Portugal. Es verbindet weiterhin lokale Artenvielfalt, kulinarische Praktiken und l\u00e4ndliche Traditionen.<\/p>\n<p>Das Paket enth\u00e4lt 20 sorgf\u00e4ltig ausgew\u00e4hlte, hochwertige Wild Lauro-Bl\u00e4tter.<\/p>","protected":false},"featured_media":7635,"comment_status":"open","ping_status":"closed","template":"","meta":[],"product_brand":[246],"product_cat":[312,313],"product_tag":[309,310,308,311],"class_list":{"0":"post-7639","1":"product","2":"type-product","3":"status-publish","4":"has-post-thumbnail","6":"product_brand-eternum-ebrietas","7":"product_cat-cuisine","8":"product_cat-mountain-products","9":"product_tag-cuisine","10":"product_tag-health","11":"product_tag-lauro","12":"product_tag-medicinal-plant","13":"product_shipping_class-weight","15":"first","16":"instock","17":"sale","18":"shipping-taxable","19":"purchasable","20":"product-type-simple"},"yoast_head":"<!-- This site is optimized with the Yoast SEO Premium plugin v25.8 (Yoast SEO v25.8) - https:\/\/yoast.com\/wordpress\/plugins\/seo\/ -->\n<title>Eternum Ebrietas | Wild Lauro<\/title>\n<meta name=\"description\" content=\"Wild lauro (laurel or bay) leaf from Beira-Baixa refers to the leaves of Laurus nobilis, a robust evergreen shrub or small tree native to the Mediterranean.\" \/>\n<meta name=\"robots\" content=\"index, follow, max-snippet:-1, max-image-preview:large, max-video-preview:-1\" \/>\n<link rel=\"canonical\" href=\"https:\/\/eternumebrietas.org\/de\/product\/wild-lauro\/\" \/>\n<meta property=\"og:locale\" content=\"de_DE\" \/>\n<meta property=\"og:type\" content=\"article\" \/>\n<meta property=\"og:title\" content=\"Wild Lauro\" \/>\n<meta property=\"og:description\" content=\"Wild lauro (laurel or bay) leaf from Beira-Baixa refers to the leaves of Laurus nobilis, a robust evergreen shrub or small tree native to the Mediterranean.\" \/>\n<meta property=\"og:url\" content=\"https:\/\/eternumebrietas.org\/de\/product\/wild-lauro\/\" \/>\n<meta property=\"og:site_name\" content=\"Eternum Ebrietas\" \/>\n<meta property=\"article:publisher\" content=\"https:\/\/www.facebook.com\/profile.php?id=61568619625789\" \/>\n<meta property=\"article:modified_time\" content=\"2025-10-01T00:32:14+00:00\" \/>\n<meta property=\"og:image\" content=\"https:\/\/eternumebrietas.org\/wp-content\/uploads\/2025\/03\/lauro-titanium.png\" \/>\n\t<meta property=\"og:image:width\" content=\"900\" \/>\n\t<meta property=\"og:image:height\" content=\"900\" \/>\n\t<meta property=\"og:image:type\" content=\"image\/png\" \/>\n<meta name=\"twitter:card\" content=\"summary_large_image\" \/>\n<meta name=\"twitter:label1\" content=\"Est. reading time\" \/>\n\t<meta name=\"twitter:data1\" content=\"2 minutes\" \/>\n<script type=\"application\/ld+json\" class=\"yoast-schema-graph\">{\"@context\":\"https:\/\/schema.org\",\"@graph\":[{\"@type\":\"WebPage\",\"@id\":\"https:\/\/eternumebrietas.org\/product\/wild-lauro\/\",\"url\":\"https:\/\/eternumebrietas.org\/product\/wild-lauro\/\",\"name\":\"Eternum Ebrietas | Wild Lauro\",\"isPartOf\":{\"@id\":\"https:\/\/eternumebrietas.org\/#website\"},\"primaryImageOfPage\":{\"@id\":\"https:\/\/eternumebrietas.org\/product\/wild-lauro\/#primaryimage\"},\"image\":{\"@id\":\"https:\/\/eternumebrietas.org\/product\/wild-lauro\/#primaryimage\"},\"thumbnailUrl\":\"https:\/\/eternumebrietas.org\/wp-content\/uploads\/2025\/03\/lauro-titanium.png\",\"datePublished\":\"2025-09-25T00:05:10+00:00\",\"dateModified\":\"2025-10-01T00:32:14+00:00\",\"description\":\"Wild lauro (laurel or bay) leaf from Beira-Baixa refers to the leaves of Laurus nobilis, a robust evergreen shrub or small tree native to the Mediterranean.\",\"breadcrumb\":{\"@id\":\"https:\/\/eternumebrietas.org\/product\/wild-lauro\/#breadcrumb\"},\"inLanguage\":\"de-DE\",\"potentialAction\":[{\"@type\":\"ReadAction\",\"target\":[\"https:\/\/eternumebrietas.org\/product\/wild-lauro\/\"]}]},{\"@type\":\"ImageObject\",\"inLanguage\":\"de-DE\",\"@id\":\"https:\/\/eternumebrietas.org\/product\/wild-lauro\/#primaryimage\",\"url\":\"https:\/\/eternumebrietas.org\/wp-content\/uploads\/2025\/03\/lauro-titanium.png\",\"contentUrl\":\"https:\/\/eternumebrietas.org\/wp-content\/uploads\/2025\/03\/lauro-titanium.png\",\"width\":900,\"height\":900,\"caption\":\"lauro\"},{\"@type\":\"BreadcrumbList\",\"@id\":\"https:\/\/eternumebrietas.org\/product\/wild-lauro\/#breadcrumb\",\"itemListElement\":[{\"@type\":\"ListItem\",\"position\":1,\"name\":\"Home\",\"item\":\"https:\/\/eternumebrietas.org\/\"},{\"@type\":\"ListItem\",\"position\":2,\"name\":\"Shop\",\"item\":\"https:\/\/eternumebrietas.org\/shop\/\"},{\"@type\":\"ListItem\",\"position\":3,\"name\":\"Wild Lauro\"}]},{\"@type\":\"WebSite\",\"@id\":\"https:\/\/eternumebrietas.org\/#website\",\"url\":\"https:\/\/eternumebrietas.org\/\",\"name\":\"https:\/\/eternumebrietas.org\/\",\"description\":\"Eternum Ebrietas\",\"publisher\":{\"@id\":\"https:\/\/eternumebrietas.org\/#organization\"},\"alternateName\":\"Eternum Ebrietas\",\"potentialAction\":[{\"@type\":\"SearchAction\",\"target\":{\"@type\":\"EntryPoint\",\"urlTemplate\":\"https:\/\/eternumebrietas.org\/?s={search_term_string}\"},\"query-input\":{\"@type\":\"PropertyValueSpecification\",\"valueRequired\":true,\"valueName\":\"search_term_string\"}}],\"inLanguage\":\"de-DE\"},{\"@type\":\"Organization\",\"@id\":\"https:\/\/eternumebrietas.org\/#organization\",\"name\":\"https:\/\/eternumebrietas.org\/\",\"alternateName\":\"Eternum Ebrietas\",\"url\":\"https:\/\/eternumebrietas.org\/\",\"logo\":{\"@type\":\"ImageObject\",\"inLanguage\":\"de-DE\",\"@id\":\"https:\/\/eternumebrietas.org\/#\/schema\/logo\/image\/\",\"url\":\"https:\/\/eternumebrietas.org\/wp-content\/uploads\/2025\/02\/EE01gold.png\",\"contentUrl\":\"https:\/\/eternumebrietas.org\/wp-content\/uploads\/2025\/02\/EE01gold.png\",\"width\":2352,\"height\":2361,\"caption\":\"https:\/\/eternumebrietas.org\/\"},\"image\":{\"@id\":\"https:\/\/eternumebrietas.org\/#\/schema\/logo\/image\/\"},\"sameAs\":[\"https:\/\/www.facebook.com\/profile.php?id=61568619625789\",\"https:\/\/www.instagram.com\/eternum_ebrietas\/\"]}]}<\/script>\n<!-- \/ Yoast SEO Premium plugin. -->","yoast_head_json":{"title":"Eternum Ebrietas | Wild Lauro","description":"Wild lauro (laurel or bay) leaf from Beira-Baixa refers to the leaves of Laurus nobilis, a robust evergreen shrub or small tree native to the Mediterranean.","robots":{"index":"index","follow":"follow","max-snippet":"max-snippet:-1","max-image-preview":"max-image-preview:large","max-video-preview":"max-video-preview:-1"},"canonical":"https:\/\/eternumebrietas.org\/de\/product\/wild-lauro\/","og_locale":"de_DE","og_type":"article","og_title":"Wild Lauro","og_description":"Wild lauro (laurel or bay) leaf from Beira-Baixa refers to the leaves of Laurus nobilis, a robust evergreen shrub or small tree native to the Mediterranean.","og_url":"https:\/\/eternumebrietas.org\/de\/product\/wild-lauro\/","og_site_name":"Eternum Ebrietas","article_publisher":"https:\/\/www.facebook.com\/profile.php?id=61568619625789","article_modified_time":"2025-10-01T00:32:14+00:00","og_image":[{"width":900,"height":900,"url":"https:\/\/eternumebrietas.org\/wp-content\/uploads\/2025\/03\/lauro-titanium.png","type":"image\/png"}],"twitter_card":"summary_large_image","twitter_misc":{"Est. reading time":"2 minutes"},"schema":{"@context":"https:\/\/schema.org","@graph":[{"@type":"WebPage","@id":"https:\/\/eternumebrietas.org\/product\/wild-lauro\/","url":"https:\/\/eternumebrietas.org\/product\/wild-lauro\/","name":"Eternum Ebrietas | Wild Lauro","isPartOf":{"@id":"https:\/\/eternumebrietas.org\/#website"},"primaryImageOfPage":{"@id":"https:\/\/eternumebrietas.org\/product\/wild-lauro\/#primaryimage"},"image":{"@id":"https:\/\/eternumebrietas.org\/product\/wild-lauro\/#primaryimage"},"thumbnailUrl":"https:\/\/eternumebrietas.org\/wp-content\/uploads\/2025\/03\/lauro-titanium.png","datePublished":"2025-09-25T00:05:10+00:00","dateModified":"2025-10-01T00:32:14+00:00","description":"Wild lauro (laurel or bay) leaf from Beira-Baixa refers to the leaves of Laurus nobilis, a robust evergreen shrub or small tree native to the Mediterranean.","breadcrumb":{"@id":"https:\/\/eternumebrietas.org\/product\/wild-lauro\/#breadcrumb"},"inLanguage":"de-DE","potentialAction":[{"@type":"ReadAction","target":["https:\/\/eternumebrietas.org\/product\/wild-lauro\/"]}]},{"@type":"ImageObject","inLanguage":"de-DE","@id":"https:\/\/eternumebrietas.org\/product\/wild-lauro\/#primaryimage","url":"https:\/\/eternumebrietas.org\/wp-content\/uploads\/2025\/03\/lauro-titanium.png","contentUrl":"https:\/\/eternumebrietas.org\/wp-content\/uploads\/2025\/03\/lauro-titanium.png","width":900,"height":900,"caption":"lauro"},{"@type":"BreadcrumbList","@id":"https:\/\/eternumebrietas.org\/product\/wild-lauro\/#breadcrumb","itemListElement":[{"@type":"ListItem","position":1,"name":"Home","item":"https:\/\/eternumebrietas.org\/"},{"@type":"ListItem","position":2,"name":"Shop","item":"https:\/\/eternumebrietas.org\/shop\/"},{"@type":"ListItem","position":3,"name":"Wild Lauro"}]},{"@type":"WebSite","@id":"https:\/\/eternumebrietas.org\/#website","url":"https:\/\/eternumebrietas.org\/","name":"https:\/\/eternumebrietas.org\/","description":"Eternum Ebrietas","publisher":{"@id":"https:\/\/eternumebrietas.org\/#organization"},"alternateName":"Eternum Ebrietas","potentialAction":[{"@type":"SearchAction","target":{"@type":"EntryPoint","urlTemplate":"https:\/\/eternumebrietas.org\/?s={search_term_string}"},"query-input":{"@type":"PropertyValueSpecification","valueRequired":true,"valueName":"search_term_string"}}],"inLanguage":"de-DE"},{"@type":"Organization","@id":"https:\/\/eternumebrietas.org\/#organization","name":"https:\/\/eternumebrietas.org\/","alternateName":"Eternum Ebrietas","url":"https:\/\/eternumebrietas.org\/","logo":{"@type":"ImageObject","inLanguage":"de-DE","@id":"https:\/\/eternumebrietas.org\/#\/schema\/logo\/image\/","url":"https:\/\/eternumebrietas.org\/wp-content\/uploads\/2025\/02\/EE01gold.png","contentUrl":"https:\/\/eternumebrietas.org\/wp-content\/uploads\/2025\/02\/EE01gold.png","width":2352,"height":2361,"caption":"https:\/\/eternumebrietas.org\/"},"image":{"@id":"https:\/\/eternumebrietas.org\/#\/schema\/logo\/image\/"},"sameAs":["https:\/\/www.facebook.com\/profile.php?id=61568619625789","https:\/\/www.instagram.com\/eternum_ebrietas\/"]}]}},"_links":{"self":[{"href":"https:\/\/eternumebrietas.org\/de\/wp-json\/wp\/v2\/product\/7639","targetHints":{"allow":["GET"]}}],"collection":[{"href":"https:\/\/eternumebrietas.org\/de\/wp-json\/wp\/v2\/product"}],"about":[{"href":"https:\/\/eternumebrietas.org\/de\/wp-json\/wp\/v2\/types\/product"}],"replies":[{"embeddable":true,"href":"https:\/\/eternumebrietas.org\/de\/wp-json\/wp\/v2\/comments?post=7639"}],"wp:featuredmedia":[{"embeddable":true,"href":"https:\/\/eternumebrietas.org\/de\/wp-json\/wp\/v2\/media\/7635"}],"wp:attachment":[{"href":"https:\/\/eternumebrietas.org\/de\/wp-json\/wp\/v2\/media?parent=7639"}],"wp:term":[{"taxonomy":"product_brand","embeddable":true,"href":"https:\/\/eternumebrietas.org\/de\/wp-json\/wp\/v2\/product_brand?post=7639"},{"taxonomy":"product_cat","embeddable":true,"href":"https:\/\/eternumebrietas.org\/de\/wp-json\/wp\/v2\/product_cat?post=7639"},{"taxonomy":"product_tag","embeddable":true,"href":"https:\/\/eternumebrietas.org\/de\/wp-json\/wp\/v2\/product_tag?post=7639"}],"curies":[{"name":"wp","href":"https:\/\/api.w.org\/{rel}","templated":true}]}}