{"id":6960,"date":"2025-03-09T19:07:21","date_gmt":"2025-03-09T19:07:21","guid":{"rendered":"https:\/\/eternumebrietas.org\/?post_type=product&#038;p=6960"},"modified":"2025-11-11T15:04:21","modified_gmt":"2025-11-11T15:04:21","slug":"organic-virgin-olive-oil-from-beira-baixa-500ml-portugal","status":"publish","type":"product","link":"https:\/\/eternumebrietas.org\/de\/product\/bio-olivenol-nativ\/","title":{"rendered":"Natives Bio-Oliven\u00f6l \u2013 500 ml | Portugal"},"content":{"rendered":"<div id=\"fws_69f4d05560521\"  data-column-margin=\"default\" data-midnight=\"dark\"  class=\"wpb_row vc_row-fluid vc_row\"  style=\"padding-top: 0px; padding-bottom: 0px; \"><div class=\"row-bg-wrap\" data-bg-animation=\"none\" data-bg-animation-delay=\"\" data-bg-overlay=\"false\"><div class=\"inner-wrap row-bg-layer\" ><div class=\"row-bg viewport-desktop\"  style=\"\"><\/div><\/div><\/div><div class=\"row_col_wrap_12 col span_12 dark left\">\n\t<div  class=\"vc_col-sm-12 wpb_column column_container vc_column_container col no-extra-padding inherit_tablet inherit_phone\"  data-padding-pos=\"all\" data-has-bg-color=\"false\" data-bg-color=\"\" data-bg-opacity=\"1\" data-animation=\"\" data-delay=\"0\" >\n\t\t<div class=\"vc_column-inner\" >\n\t\t\t<div class=\"wpb_wrapper\">\n\t\t\t\t<div class=\"nectar-cta  text_hover_color_ff1053 alignment_tablet_default alignment_phone_default display_tablet_inherit display_phone_inherit\" data-color=\"default\" data-using-bg=\"false\" data-style=\"see-through\" data-display=\"block\" data-alignment=\"left\" data-text-color=\"std\" ><h6> <span class=\"text\">Zur\u00fcck zum SHOP <\/span><span class=\"link_wrap\" ><a  class=\"link_text\" role=\"button\" href=\"https:\/\/eternumebrietas.org\/de\/shop\/\"><span class=\"arrow\"><\/span><\/a><\/span><\/h6><\/div>\n\t\t\t<\/div> \n\t\t<\/div>\n\t<\/div> \n<\/div><\/div>\n\n\t\t<div id=\"fws_69f4d05560a5a\"  data-column-margin=\"default\" data-midnight=\"dark\"  class=\"wpb_row vc_row-fluid vc_row\"  style=\"padding-top: 0px; padding-bottom: 0px; \"><div class=\"row-bg-wrap\" data-bg-animation=\"none\" data-bg-animation-delay=\"\" data-bg-overlay=\"false\"><div class=\"inner-wrap row-bg-layer\" ><div class=\"row-bg viewport-desktop\"  style=\"\"><\/div><\/div><\/div><div class=\"row_col_wrap_12 col span_12 dark left\">\n\t<div  class=\"vc_col-sm-12 wpb_column column_container vc_column_container col no-extra-padding inherit_tablet inherit_phone\"  data-padding-pos=\"all\" data-has-bg-color=\"false\" data-bg-color=\"\" data-bg-opacity=\"1\" data-animation=\"\" data-delay=\"0\" >\n\t\t<div class=\"vc_column-inner\" >\n\t\t\t<div class=\"wpb_wrapper\">\n\t\t\t\t\n<div class=\"wpb_text_column wpb_content_element\" >\n\t<div class=\"wpb_wrapper\">\n\t\t<h4>Natives Bio-Oliven\u00f6l \u2013 500 ml | Portugal<\/h4>\n<p>Das native Bio-Oliven\u00f6l von Eternum Ebrietas stammt aus der malerischen Region Beira-Baixa in Portugal. Diese 500-ml-Flasche enth\u00e4lt kaltgepresstes Premium-Oliven\u00f6l. Hergestellt aus Oliven, die auf kleinen Bergparzellen mit nachhaltigen und traditionellen Anbaumethoden angebaut werden. Die Oliven werden auf dem H\u00f6hepunkt ihrer Reife sorgf\u00e4ltig von Hand gepfl\u00fcckt, um ein Maximum an Geschmack, Aroma und N\u00e4hrwert zu gew\u00e4hrleisten. Die dunkle Glasflasche bewahrt die nat\u00fcrlichen Antioxidantien, das zarte Aroma und den reichen Geschmack des \u00d6ls.<\/p>\n<p>Sein milder Geschmack veredelt zahlreiche Gerichte wie Salate, Eint\u00f6pfe, Pasta und verschiedene mediterrane Rezepte. Eignet sich sowohl f\u00fcr Rohkost als auch f\u00fcr leichte Gerichte. Die Olivenbauern von Eternum Ebrietas respektieren die nat\u00fcrliche Umwelt und gew\u00e4hrleisten nachhaltige Praktiken, die lokale \u00d6kosysteme sch\u00fctzen und die Bodenfruchtbarkeit erhalten.<\/p>\n\t<\/div>\n<\/div>\n\n\n\n\n\t\t\t<\/div> \n\t\t<\/div>\n\t<\/div> \n<\/div><\/div>\n\t\t<div id=\"fws_69f4d05560e5c\"  data-column-margin=\"default\" data-midnight=\"dark\"  class=\"wpb_row vc_row-fluid vc_row full-width-content vc_row-o-equal-height vc_row-flex vc_row-o-content-top\"  style=\"padding-top: 0px; padding-bottom: 0px; \"><div class=\"row-bg-wrap\" data-bg-animation=\"none\" data-bg-animation-delay=\"\" data-bg-overlay=\"false\"><div class=\"inner-wrap row-bg-layer\" ><div class=\"row-bg viewport-desktop\"  style=\"\"><\/div><\/div><\/div><div class=\"row_col_wrap_12 col span_12 dark left\">\n\t<div  class=\"vc_col-sm-12 wpb_column column_container vc_column_container col no-extra-padding inherit_tablet inherit_phone\"  data-padding-pos=\"all\" data-has-bg-color=\"false\" data-bg-color=\"\" data-bg-opacity=\"1\" data-animation=\"\" data-delay=\"0\" >\n\t\t<div class=\"vc_column-inner\" >\n\t\t\t<div class=\"wpb_wrapper\">\n\t\t\t\t<div class=\"nectar_video_player_self_hosted wpb_video_widget wpb_content_element vc_clearfix vc_video-aspect-ratio-916 vc_video-el-width-100 vc_video-align-center\" data-border-radius=\"none\" data-shadow=\"none\">\n<div class=\"wpb_wrapper\"><div class=\"wpb_video_wrapper\"><video width=\"1280\" height=\"720\" class=\"nectar-video-self-hosted\" preload=\"auto\" controls controlslist=\"nodownload\"><source src=\"https:\/\/eternumebrietas.org\/wp-content\/uploads\/2025\/03\/VID_20250904_171726.mp4\"  type=\"video\/mp4\"><\/video><\/div><\/div><\/div>\n\t\t\t<\/div> \n\t\t<\/div>\n\t<\/div> \n<\/div><\/div>\n\t\t<div id=\"fws_69f4d05561186\"  data-column-margin=\"default\" data-midnight=\"dark\"  class=\"wpb_row vc_row-fluid vc_row\"  style=\"padding-top: 0px; padding-bottom: 0px; \"><div class=\"row-bg-wrap\" data-bg-animation=\"none\" data-bg-animation-delay=\"\" data-bg-overlay=\"false\"><div class=\"inner-wrap row-bg-layer\" ><div class=\"row-bg viewport-desktop\"  style=\"\"><\/div><\/div><\/div><div class=\"row_col_wrap_12 col span_12 dark left\">\n\t<div  class=\"vc_col-sm-12 wpb_column column_container vc_column_container col no-extra-padding inherit_tablet inherit_phone\"  data-padding-pos=\"all\" data-has-bg-color=\"false\" data-bg-color=\"\" data-bg-opacity=\"1\" data-animation=\"\" data-delay=\"0\" >\n\t\t<div class=\"vc_column-inner\" >\n\t\t\t<div class=\"wpb_wrapper\">\n\t\t\t\t\n<div class=\"wpb_text_column wpb_content_element\" >\n\t<div class=\"wpb_wrapper\">\n\t\t<p>Dieses native Bio-Oliven\u00f6l ist nach Herkunft und Qualit\u00e4t zertifiziert und tr\u00e4gt offizielle Siegel, die seine Herstellungsmethoden und organoleptischen Eigenschaften garantieren. Es ist frei von Konservierungsstoffen, k\u00fcnstlichen Zusatzstoffen oder Chemikalien und somit eine gesunde Wahl f\u00fcr den t\u00e4glichen Verzehr. Reich an nat\u00fcrlichen Antioxidantien und wertvollen einfach unges\u00e4ttigten Fetts\u00e4uren, f\u00f6rdert es eine ausgewogene Ern\u00e4hrung und verbessert die allgemeine Gesundheit.<\/p>\n<p>Ideal f\u00fcr alle, die Wert auf Gesundheit legen und Feinschmecker. Es eignet sich auch als aufmerksames Geschenk f\u00fcr kulinarische Liebhaber. Entdecken Sie den unverf\u00e4lschten Geschmack der Beira-Baixa mit diesem hochwertigen, umweltfreundlichen Oliven\u00f6l, das in jedem Tropfen Tradition, Sorgfalt und Respekt f\u00fcr die Umwelt vereint.<\/p>\n<p>EAN: 5600174619395<\/p>\n<p>Natives Bio-Oliven\u00f6l \u2013 500 ml | Portugal wird direkt vom Erzeuger an den Kunden verkauft.<\/p>\n\t<\/div>\n<\/div>\n\n\n\n\n\t\t\t<\/div> \n\t\t<\/div>\n\t<\/div> \n<\/div><\/div>\n\n\t\t<div id=\"fws_69f4d055614f8\"  data-column-margin=\"default\" data-midnight=\"dark\"  class=\"wpb_row vc_row-fluid vc_row\"  style=\"padding-top: 0px; padding-bottom: 0px; \"><div class=\"row-bg-wrap\" data-bg-animation=\"none\" data-bg-animation-delay=\"\" data-bg-overlay=\"false\"><div class=\"inner-wrap row-bg-layer\" ><div class=\"row-bg viewport-desktop\"  style=\"\"><\/div><\/div><\/div><div class=\"row_col_wrap_12 col span_12 dark left\">\n\t<div  class=\"vc_col-sm-12 wpb_column column_container vc_column_container col no-extra-padding inherit_tablet inherit_phone\"  data-padding-pos=\"all\" data-has-bg-color=\"false\" data-bg-color=\"\" data-bg-opacity=\"1\" data-animation=\"\" data-delay=\"0\" >\n\t\t<div class=\"vc_column-inner\" >\n\t\t\t<div class=\"wpb_wrapper\">\n\t\t\t\t<div class=\"nectar-cta  text_hover_color_ff1053 alignment_tablet_default alignment_phone_default display_tablet_inherit display_phone_inherit\" data-color=\"default\" data-using-bg=\"false\" data-style=\"see-through\" data-display=\"block\" data-alignment=\"left\" data-text-color=\"std\" ><h6> <span class=\"text\">Zur\u00fcck zum SHOP <\/span><span class=\"link_wrap\" ><a  class=\"link_text\" role=\"button\" href=\"https:\/\/eternumebrietas.org\/de\/shop\/\"><span class=\"arrow\"><\/span><\/a><\/span><\/h6><\/div>\n\t\t\t<\/div> \n\t\t<\/div>\n\t<\/div> \n<\/div><\/div>","protected":false},"excerpt":{"rendered":"<p>Bio-Bio-Nativ-Oliven\u00f6l, traditionelle Produktion aus Beira-Baixa Portugal.<\/p>","protected":false},"featured_media":7549,"comment_status":"open","ping_status":"closed","template":"","meta":[],"product_brand":[246],"product_cat":[313,142],"product_tag":[230,235,243,146,231,144],"class_list":{"0":"post-6960","1":"product","2":"type-product","3":"status-publish","4":"has-post-thumbnail","6":"product_brand-eternum-ebrietas","7":"product_cat-mountain-products","8":"product_cat-olive-oil","9":"product_tag-beira-baixa","10":"product_tag-bio","11":"product_tag-olive-oil","12":"product_tag-organic","13":"product_tag-portugal","14":"product_tag-products-from-portugal","16":"first","17":"instock","18":"sale","19":"shipping-taxable","20":"purchasable","21":"product-type-simple"},"yoast_head":"<!-- This site is optimized with the Yoast SEO Premium plugin v25.8 (Yoast SEO v25.8) - https:\/\/yoast.com\/wordpress\/plugins\/seo\/ -->\n<title>Organic Virgin Olive Oil \u2013 500ml | Portugal | Eternum Ebrietas<\/title>\n<meta name=\"description\" content=\"Discover Organic Virgin Olive Oil from Beira-Baixa \u2013 500ml | Portugal. Cold-pressed, and packed in dark glass to preserve flavor and nutrients.\" \/>\n<meta name=\"robots\" content=\"index, follow, max-snippet:-1, max-image-preview:large, max-video-preview:-1\" \/>\n<link rel=\"canonical\" href=\"https:\/\/eternumebrietas.org\/de\/product\/bio-olivenol-nativ\/\" \/>\n<meta property=\"og:locale\" content=\"de_DE\" \/>\n<meta property=\"og:type\" content=\"article\" \/>\n<meta property=\"og:title\" content=\"Organic Virgin Olive Oil \u2013 500ml | Portugal\" \/>\n<meta property=\"og:description\" content=\"Discover Organic Virgin Olive Oil from Beira-Baixa \u2013 500ml | Portugal. Cold-pressed, and packed in dark glass to preserve flavor and nutrients.\" \/>\n<meta property=\"og:url\" content=\"https:\/\/eternumebrietas.org\/de\/product\/bio-olivenol-nativ\/\" \/>\n<meta property=\"og:site_name\" content=\"Eternum Ebrietas\" \/>\n<meta property=\"article:publisher\" content=\"https:\/\/www.facebook.com\/profile.php?id=61568619625789\" \/>\n<meta property=\"article:modified_time\" content=\"2025-11-11T15:04:21+00:00\" \/>\n<meta property=\"og:image\" content=\"https:\/\/eternumebrietas.org\/wp-content\/uploads\/2025\/03\/azeite-titanium-500ml.png\" \/>\n\t<meta property=\"og:image:width\" content=\"900\" \/>\n\t<meta property=\"og:image:height\" content=\"900\" \/>\n\t<meta property=\"og:image:type\" content=\"image\/png\" \/>\n<meta name=\"twitter:card\" content=\"summary_large_image\" \/>\n<meta name=\"twitter:label1\" content=\"Est. reading time\" \/>\n\t<meta name=\"twitter:data1\" content=\"2 minutes\" \/>\n<script type=\"application\/ld+json\" class=\"yoast-schema-graph\">{\"@context\":\"https:\/\/schema.org\",\"@graph\":[{\"@type\":\"WebPage\",\"@id\":\"https:\/\/eternumebrietas.org\/product\/organic-virgin-olive-oil-from-beira-baixa-500ml-portugal\/\",\"url\":\"https:\/\/eternumebrietas.org\/product\/organic-virgin-olive-oil-from-beira-baixa-500ml-portugal\/\",\"name\":\"Organic Virgin Olive Oil \u2013 500ml | Portugal | Eternum Ebrietas\",\"isPartOf\":{\"@id\":\"https:\/\/eternumebrietas.org\/#website\"},\"primaryImageOfPage\":{\"@id\":\"https:\/\/eternumebrietas.org\/product\/organic-virgin-olive-oil-from-beira-baixa-500ml-portugal\/#primaryimage\"},\"image\":{\"@id\":\"https:\/\/eternumebrietas.org\/product\/organic-virgin-olive-oil-from-beira-baixa-500ml-portugal\/#primaryimage\"},\"thumbnailUrl\":\"https:\/\/eternumebrietas.org\/wp-content\/uploads\/2025\/03\/azeite-titanium-500ml.png\",\"datePublished\":\"2025-03-09T19:07:21+00:00\",\"dateModified\":\"2025-11-11T15:04:21+00:00\",\"description\":\"Discover Organic Virgin Olive Oil from Beira-Baixa \u2013 500ml | Portugal. Cold-pressed, and packed in dark glass to preserve flavor and nutrients.\",\"breadcrumb\":{\"@id\":\"https:\/\/eternumebrietas.org\/product\/organic-virgin-olive-oil-from-beira-baixa-500ml-portugal\/#breadcrumb\"},\"inLanguage\":\"de-DE\",\"potentialAction\":[{\"@type\":\"ReadAction\",\"target\":[\"https:\/\/eternumebrietas.org\/product\/organic-virgin-olive-oil-from-beira-baixa-500ml-portugal\/\"]}]},{\"@type\":\"ImageObject\",\"inLanguage\":\"de-DE\",\"@id\":\"https:\/\/eternumebrietas.org\/product\/organic-virgin-olive-oil-from-beira-baixa-500ml-portugal\/#primaryimage\",\"url\":\"https:\/\/eternumebrietas.org\/wp-content\/uploads\/2025\/03\/azeite-titanium-500ml.png\",\"contentUrl\":\"https:\/\/eternumebrietas.org\/wp-content\/uploads\/2025\/03\/azeite-titanium-500ml.png\",\"width\":900,\"height\":900,\"caption\":\"olive oil 500ml\"},{\"@type\":\"BreadcrumbList\",\"@id\":\"https:\/\/eternumebrietas.org\/product\/organic-virgin-olive-oil-from-beira-baixa-500ml-portugal\/#breadcrumb\",\"itemListElement\":[{\"@type\":\"ListItem\",\"position\":1,\"name\":\"Home\",\"item\":\"https:\/\/eternumebrietas.org\/\"},{\"@type\":\"ListItem\",\"position\":2,\"name\":\"Shop\",\"item\":\"https:\/\/eternumebrietas.org\/shop\/\"},{\"@type\":\"ListItem\",\"position\":3,\"name\":\"Organic Virgin Olive Oil \u2013 500ml | Portugal\"}]},{\"@type\":\"WebSite\",\"@id\":\"https:\/\/eternumebrietas.org\/#website\",\"url\":\"https:\/\/eternumebrietas.org\/\",\"name\":\"https:\/\/eternumebrietas.org\/\",\"description\":\"Eternum Ebrietas\",\"publisher\":{\"@id\":\"https:\/\/eternumebrietas.org\/#organization\"},\"alternateName\":\"Eternum Ebrietas\",\"potentialAction\":[{\"@type\":\"SearchAction\",\"target\":{\"@type\":\"EntryPoint\",\"urlTemplate\":\"https:\/\/eternumebrietas.org\/?s={search_term_string}\"},\"query-input\":{\"@type\":\"PropertyValueSpecification\",\"valueRequired\":true,\"valueName\":\"search_term_string\"}}],\"inLanguage\":\"de-DE\"},{\"@type\":\"Organization\",\"@id\":\"https:\/\/eternumebrietas.org\/#organization\",\"name\":\"https:\/\/eternumebrietas.org\/\",\"alternateName\":\"Eternum Ebrietas\",\"url\":\"https:\/\/eternumebrietas.org\/\",\"logo\":{\"@type\":\"ImageObject\",\"inLanguage\":\"de-DE\",\"@id\":\"https:\/\/eternumebrietas.org\/#\/schema\/logo\/image\/\",\"url\":\"https:\/\/eternumebrietas.org\/wp-content\/uploads\/2025\/02\/EE01gold.png\",\"contentUrl\":\"https:\/\/eternumebrietas.org\/wp-content\/uploads\/2025\/02\/EE01gold.png\",\"width\":2352,\"height\":2361,\"caption\":\"https:\/\/eternumebrietas.org\/\"},\"image\":{\"@id\":\"https:\/\/eternumebrietas.org\/#\/schema\/logo\/image\/\"},\"sameAs\":[\"https:\/\/www.facebook.com\/profile.php?id=61568619625789\",\"https:\/\/www.instagram.com\/eternum_ebrietas\/\"]}]}<\/script>\n<!-- \/ Yoast SEO Premium plugin. -->","yoast_head_json":{"title":"Organic Virgin Olive Oil \u2013 500ml | Portugal | Eternum Ebrietas","description":"Discover Organic Virgin Olive Oil from Beira-Baixa \u2013 500ml | Portugal. Cold-pressed, and packed in dark glass to preserve flavor and nutrients.","robots":{"index":"index","follow":"follow","max-snippet":"max-snippet:-1","max-image-preview":"max-image-preview:large","max-video-preview":"max-video-preview:-1"},"canonical":"https:\/\/eternumebrietas.org\/de\/product\/bio-olivenol-nativ\/","og_locale":"de_DE","og_type":"article","og_title":"Organic Virgin Olive Oil \u2013 500ml | Portugal","og_description":"Discover Organic Virgin Olive Oil from Beira-Baixa \u2013 500ml | Portugal. Cold-pressed, and packed in dark glass to preserve flavor and nutrients.","og_url":"https:\/\/eternumebrietas.org\/de\/product\/bio-olivenol-nativ\/","og_site_name":"Eternum Ebrietas","article_publisher":"https:\/\/www.facebook.com\/profile.php?id=61568619625789","article_modified_time":"2025-11-11T15:04:21+00:00","og_image":[{"width":900,"height":900,"url":"https:\/\/eternumebrietas.org\/wp-content\/uploads\/2025\/03\/azeite-titanium-500ml.png","type":"image\/png"}],"twitter_card":"summary_large_image","twitter_misc":{"Est. reading time":"2 minutes"},"schema":{"@context":"https:\/\/schema.org","@graph":[{"@type":"WebPage","@id":"https:\/\/eternumebrietas.org\/product\/organic-virgin-olive-oil-from-beira-baixa-500ml-portugal\/","url":"https:\/\/eternumebrietas.org\/product\/organic-virgin-olive-oil-from-beira-baixa-500ml-portugal\/","name":"Organic Virgin Olive Oil \u2013 500ml | Portugal | Eternum Ebrietas","isPartOf":{"@id":"https:\/\/eternumebrietas.org\/#website"},"primaryImageOfPage":{"@id":"https:\/\/eternumebrietas.org\/product\/organic-virgin-olive-oil-from-beira-baixa-500ml-portugal\/#primaryimage"},"image":{"@id":"https:\/\/eternumebrietas.org\/product\/organic-virgin-olive-oil-from-beira-baixa-500ml-portugal\/#primaryimage"},"thumbnailUrl":"https:\/\/eternumebrietas.org\/wp-content\/uploads\/2025\/03\/azeite-titanium-500ml.png","datePublished":"2025-03-09T19:07:21+00:00","dateModified":"2025-11-11T15:04:21+00:00","description":"Discover Organic Virgin Olive Oil from Beira-Baixa \u2013 500ml | Portugal. Cold-pressed, and packed in dark glass to preserve flavor and nutrients.","breadcrumb":{"@id":"https:\/\/eternumebrietas.org\/product\/organic-virgin-olive-oil-from-beira-baixa-500ml-portugal\/#breadcrumb"},"inLanguage":"de-DE","potentialAction":[{"@type":"ReadAction","target":["https:\/\/eternumebrietas.org\/product\/organic-virgin-olive-oil-from-beira-baixa-500ml-portugal\/"]}]},{"@type":"ImageObject","inLanguage":"de-DE","@id":"https:\/\/eternumebrietas.org\/product\/organic-virgin-olive-oil-from-beira-baixa-500ml-portugal\/#primaryimage","url":"https:\/\/eternumebrietas.org\/wp-content\/uploads\/2025\/03\/azeite-titanium-500ml.png","contentUrl":"https:\/\/eternumebrietas.org\/wp-content\/uploads\/2025\/03\/azeite-titanium-500ml.png","width":900,"height":900,"caption":"olive oil 500ml"},{"@type":"BreadcrumbList","@id":"https:\/\/eternumebrietas.org\/product\/organic-virgin-olive-oil-from-beira-baixa-500ml-portugal\/#breadcrumb","itemListElement":[{"@type":"ListItem","position":1,"name":"Home","item":"https:\/\/eternumebrietas.org\/"},{"@type":"ListItem","position":2,"name":"Shop","item":"https:\/\/eternumebrietas.org\/shop\/"},{"@type":"ListItem","position":3,"name":"Organic Virgin Olive Oil \u2013 500ml | Portugal"}]},{"@type":"WebSite","@id":"https:\/\/eternumebrietas.org\/#website","url":"https:\/\/eternumebrietas.org\/","name":"https:\/\/eternumebrietas.org\/","description":"Eternum Ebrietas","publisher":{"@id":"https:\/\/eternumebrietas.org\/#organization"},"alternateName":"Eternum Ebrietas","potentialAction":[{"@type":"SearchAction","target":{"@type":"EntryPoint","urlTemplate":"https:\/\/eternumebrietas.org\/?s={search_term_string}"},"query-input":{"@type":"PropertyValueSpecification","valueRequired":true,"valueName":"search_term_string"}}],"inLanguage":"de-DE"},{"@type":"Organization","@id":"https:\/\/eternumebrietas.org\/#organization","name":"https:\/\/eternumebrietas.org\/","alternateName":"Eternum Ebrietas","url":"https:\/\/eternumebrietas.org\/","logo":{"@type":"ImageObject","inLanguage":"de-DE","@id":"https:\/\/eternumebrietas.org\/#\/schema\/logo\/image\/","url":"https:\/\/eternumebrietas.org\/wp-content\/uploads\/2025\/02\/EE01gold.png","contentUrl":"https:\/\/eternumebrietas.org\/wp-content\/uploads\/2025\/02\/EE01gold.png","width":2352,"height":2361,"caption":"https:\/\/eternumebrietas.org\/"},"image":{"@id":"https:\/\/eternumebrietas.org\/#\/schema\/logo\/image\/"},"sameAs":["https:\/\/www.facebook.com\/profile.php?id=61568619625789","https:\/\/www.instagram.com\/eternum_ebrietas\/"]}]}},"_links":{"self":[{"href":"https:\/\/eternumebrietas.org\/de\/wp-json\/wp\/v2\/product\/6960","targetHints":{"allow":["GET"]}}],"collection":[{"href":"https:\/\/eternumebrietas.org\/de\/wp-json\/wp\/v2\/product"}],"about":[{"href":"https:\/\/eternumebrietas.org\/de\/wp-json\/wp\/v2\/types\/product"}],"replies":[{"embeddable":true,"href":"https:\/\/eternumebrietas.org\/de\/wp-json\/wp\/v2\/comments?post=6960"}],"wp:featuredmedia":[{"embeddable":true,"href":"https:\/\/eternumebrietas.org\/de\/wp-json\/wp\/v2\/media\/7549"}],"wp:attachment":[{"href":"https:\/\/eternumebrietas.org\/de\/wp-json\/wp\/v2\/media?parent=6960"}],"wp:term":[{"taxonomy":"product_brand","embeddable":true,"href":"https:\/\/eternumebrietas.org\/de\/wp-json\/wp\/v2\/product_brand?post=6960"},{"taxonomy":"product_cat","embeddable":true,"href":"https:\/\/eternumebrietas.org\/de\/wp-json\/wp\/v2\/product_cat?post=6960"},{"taxonomy":"product_tag","embeddable":true,"href":"https:\/\/eternumebrietas.org\/de\/wp-json\/wp\/v2\/product_tag?post=6960"}],"curies":[{"name":"wp","href":"https:\/\/api.w.org\/{rel}","templated":true}]}}