{"id":6957,"date":"2025-03-09T19:00:05","date_gmt":"2025-03-09T19:00:05","guid":{"rendered":"https:\/\/eternumebrietas.org\/?post_type=product&#038;p=6957"},"modified":"2026-04-26T18:37:29","modified_gmt":"2026-04-26T18:37:29","slug":"organic-extra-virgin-olive-oil-beira-baixa","status":"publish","type":"product","link":"https:\/\/eternumebrietas.org\/de\/product\/natives-olivenol-extra\/","title":{"rendered":"Bio-Oliven\u00f6l extra vergine aus Beira-Baixa \u2013 500 ml | Portugal"},"content":{"rendered":"<div id=\"fws_69f4c14fc0401\"  data-column-margin=\"default\" data-midnight=\"dark\"  class=\"wpb_row vc_row-fluid vc_row\"  style=\"padding-top: 0px; padding-bottom: 0px; \"><div class=\"row-bg-wrap\" data-bg-animation=\"none\" data-bg-animation-delay=\"\" data-bg-overlay=\"false\"><div class=\"inner-wrap row-bg-layer\" ><div class=\"row-bg viewport-desktop\"  style=\"\"><\/div><\/div><\/div><div class=\"row_col_wrap_12 col span_12 dark left\">\n\t<div  class=\"vc_col-sm-12 wpb_column column_container vc_column_container col no-extra-padding inherit_tablet inherit_phone\"  data-padding-pos=\"all\" data-has-bg-color=\"false\" data-bg-color=\"\" data-bg-opacity=\"1\" data-animation=\"\" data-delay=\"0\" >\n\t\t<div class=\"vc_column-inner\" >\n\t\t\t<div class=\"wpb_wrapper\">\n\t\t\t\t<div class=\"nectar-cta  text_hover_color_ff1053 alignment_tablet_default alignment_phone_default display_tablet_inherit display_phone_inherit\" data-color=\"default\" data-using-bg=\"false\" data-style=\"see-through\" data-display=\"block\" data-alignment=\"left\" data-text-color=\"std\" ><h6> <span class=\"text\">Zur\u00fcck zum SHOP <\/span><span class=\"link_wrap\" ><a  class=\"link_text\" role=\"button\" href=\"https:\/\/eternumebrietas.org\/de\/shop\/\"><span class=\"arrow\"><\/span><\/a><\/span><\/h6><\/div>\n\t\t\t<\/div> \n\t\t<\/div>\n\t<\/div> \n<\/div><\/div>\n\n\t\t<div id=\"fws_69f4c14fc08d1\"  data-column-margin=\"default\" data-midnight=\"dark\"  class=\"wpb_row vc_row-fluid vc_row\"  style=\"padding-top: 0px; padding-bottom: 0px; \"><div class=\"row-bg-wrap\" data-bg-animation=\"none\" data-bg-animation-delay=\"\" data-bg-overlay=\"false\"><div class=\"inner-wrap row-bg-layer\" ><div class=\"row-bg viewport-desktop\"  style=\"\"><\/div><\/div><\/div><div class=\"row_col_wrap_12 col span_12 dark left\">\n\t<div  class=\"vc_col-sm-12 wpb_column column_container vc_column_container col no-extra-padding inherit_tablet inherit_phone\"  data-padding-pos=\"all\" data-has-bg-color=\"false\" data-bg-color=\"\" data-bg-opacity=\"1\" data-animation=\"\" data-delay=\"0\" >\n\t\t<div class=\"vc_column-inner\" >\n\t\t\t<div class=\"wpb_wrapper\">\n\t\t\t\t\n<div class=\"wpb_text_column wpb_content_element\" >\n\t<div class=\"wpb_wrapper\">\n\t\t<h3>Natives Bio-Oliven\u00f6l Extra<\/h3>\n<p>Das Bio-Oliven\u00f6l Extra Vergine von Eternum Ebrietas stammt aus der Region Beira-Baixa in Portugal. Diese 500-ml-Glasflasche enth\u00e4lt hochwertiges Oliven\u00f6l. Die Oliven werden auf kleinen Bergparzellen nachhaltig und traditionell angebaut. Sie werden zum optimalen Reifezeitpunkt handverlesen, um ein Maximum an Geschmack, Aroma und N\u00e4hrstoffen zu gew\u00e4hrleisten. Die dunkle Glasflasche bewahrt die Frische und sch\u00fctzt das \u00d6l vor Licht. Sein milder und ausgewogener Geschmack verfeinert Salate, Eint\u00f6pfe, Pasta und mediterrane Gerichte. Dar\u00fcber hinaus eignet es sich perfekt f\u00fcr den Rohverzehr oder die leichte K\u00fcche.<\/p>\n\t<\/div>\n<\/div>\n\n\n\n\n\t\t\t<\/div> \n\t\t<\/div>\n\t<\/div> \n<\/div><\/div>\n\t\t<div id=\"fws_69f4c14fc0bfb\"  data-column-margin=\"default\" data-midnight=\"dark\"  class=\"wpb_row vc_row-fluid vc_row full-width-content vc_row-o-equal-height vc_row-flex vc_row-o-content-top\"  style=\"padding-top: 0px; padding-bottom: 0px; \"><div class=\"row-bg-wrap\" data-bg-animation=\"none\" data-bg-animation-delay=\"\" data-bg-overlay=\"false\"><div class=\"inner-wrap row-bg-layer\" ><div class=\"row-bg viewport-desktop\"  style=\"\"><\/div><\/div><\/div><div class=\"row_col_wrap_12 col span_12 dark left\">\n\t<div  class=\"vc_col-sm-12 wpb_column column_container vc_column_container col no-extra-padding inherit_tablet inherit_phone\"  data-padding-pos=\"all\" data-has-bg-color=\"false\" data-bg-color=\"\" data-bg-opacity=\"1\" data-animation=\"\" data-delay=\"0\" >\n\t\t<div class=\"vc_column-inner\" >\n\t\t\t<div class=\"wpb_wrapper\">\n\t\t\t\t<div class=\"nectar_video_player_self_hosted wpb_video_widget wpb_content_element vc_clearfix vc_video-aspect-ratio-916 vc_video-el-width-100 vc_video-align-center\" data-border-radius=\"none\" data-shadow=\"none\">\n<div class=\"wpb_wrapper\"><div class=\"wpb_video_wrapper\"><video width=\"1280\" height=\"720\" class=\"nectar-video-self-hosted\" preload=\"auto\" controls controlslist=\"nodownload\"><source src=\"https:\/\/eternumebrietas.org\/wp-content\/uploads\/2025\/03\/VID_20250904_171726.mp4\"  type=\"video\/mp4\"><\/video><\/div><\/div><\/div>\n\t\t\t<\/div> \n\t\t<\/div>\n\t<\/div> \n<\/div><\/div>\n\t\t<div id=\"fws_69f4c14fc0edb\"  data-column-margin=\"default\" data-midnight=\"dark\"  class=\"wpb_row vc_row-fluid vc_row\"  style=\"padding-top: 0px; padding-bottom: 0px; \"><div class=\"row-bg-wrap\" data-bg-animation=\"none\" data-bg-animation-delay=\"\" data-bg-overlay=\"false\"><div class=\"inner-wrap row-bg-layer\" ><div class=\"row-bg viewport-desktop\"  style=\"\"><\/div><\/div><\/div><div class=\"row_col_wrap_12 col span_12 dark left\">\n\t<div  class=\"vc_col-sm-12 wpb_column column_container vc_column_container col no-extra-padding inherit_tablet inherit_phone\"  data-padding-pos=\"all\" data-has-bg-color=\"false\" data-bg-color=\"\" data-bg-opacity=\"1\" data-animation=\"\" data-delay=\"0\" >\n\t\t<div class=\"vc_column-inner\" >\n\t\t\t<div class=\"wpb_wrapper\">\n\t\t\t\t\n<div class=\"wpb_text_column wpb_content_element\" >\n\t<div class=\"wpb_wrapper\">\n\t\t<p>Dieses Oliven\u00f6l ist nach Herkunft und Qualit\u00e4t zertifiziert und tr\u00e4gt offizielle Siegel. Es ist 100 % nat\u00fcrlich und frei von Konservierungsstoffen, Chemikalien oder Zusatzstoffen. Daher ist es eine gesunde Wahl f\u00fcr den t\u00e4glichen Verzehr. Reich an nat\u00fcrlichen Antioxidantien und einfach unges\u00e4ttigten Fetten unterst\u00fctzt es eine ausgewogene Ern\u00e4hrung und f\u00f6rdert das allgemeine Wohlbefinden. Dar\u00fcber hinaus respektieren unsere Produzenten die Umwelt und verfolgen nachhaltige Praktiken, um lokale \u00d6kosysteme zu erhalten.<\/p>\n<p>Dieses \u00d6l ist ideal f\u00fcr Hobbyk\u00f6che, gesundheitsbewusste Verbraucher oder als Gourmet-Geschenk. Es steht f\u00fcr jahrhundertealte Tradition, Sorgfalt und authentischen portugiesischen Berggeschmack.<\/p>\n<p>EAN: 5600174619319<\/p>\n<p>Bio-Oliven\u00f6l extra vergine \u2013 500 ml | Portugal wird direkt vom Hersteller an den Kunden verkauft.<\/p>\n\t<\/div>\n<\/div>\n\n\n\n\n\t\t\t<\/div> \n\t\t<\/div>\n\t<\/div> \n<\/div><\/div>\n\n\t\t<div id=\"fws_69f4c14fc1162\"  data-column-margin=\"default\" data-midnight=\"dark\"  class=\"wpb_row vc_row-fluid vc_row\"  style=\"padding-top: 0px; padding-bottom: 0px; \"><div class=\"row-bg-wrap\" data-bg-animation=\"none\" data-bg-animation-delay=\"\" data-bg-overlay=\"false\"><div class=\"inner-wrap row-bg-layer\" ><div class=\"row-bg viewport-desktop\"  style=\"\"><\/div><\/div><\/div><div class=\"row_col_wrap_12 col span_12 dark left\">\n\t<div  class=\"vc_col-sm-12 wpb_column column_container vc_column_container col no-extra-padding inherit_tablet inherit_phone\"  data-padding-pos=\"all\" data-has-bg-color=\"false\" data-bg-color=\"\" data-bg-opacity=\"1\" data-animation=\"\" data-delay=\"0\" >\n\t\t<div class=\"vc_column-inner\" >\n\t\t\t<div class=\"wpb_wrapper\">\n\t\t\t\t<div class=\"nectar-cta  text_hover_color_ff1053 alignment_tablet_default alignment_phone_default display_tablet_inherit display_phone_inherit\" data-color=\"default\" data-using-bg=\"false\" data-style=\"see-through\" data-display=\"block\" data-alignment=\"left\" data-text-color=\"std\" ><h6> <span class=\"text\">Zur\u00fcck zum SHOP <\/span><span class=\"link_wrap\" ><a  class=\"link_text\" role=\"button\" href=\"https:\/\/eternumebrietas.org\/de\/shop\/\"><span class=\"arrow\"><\/span><\/a><\/span><\/h6><\/div>\n\t\t\t<\/div> \n\t\t<\/div>\n\t<\/div> \n<\/div><\/div>","protected":false},"excerpt":{"rendered":"<p>Bio-Oliven\u00f6l extra vergine, traditionelle Produktion aus Beira-Baixa Portugal.<\/p>","protected":false},"featured_media":7549,"comment_status":"open","ping_status":"closed","template":"","meta":[],"product_brand":[246],"product_cat":[313,142],"product_tag":[230,244,245,242,243,231,144,233],"class_list":{"0":"post-6957","1":"product","2":"type-product","3":"status-publish","4":"has-post-thumbnail","6":"product_brand-eternum-ebrietas","7":"product_cat-mountain-products","8":"product_cat-olive-oil","9":"product_tag-beira-baixa","10":"product_tag-extra-virgin","11":"product_tag-extra-virgin-olive-oil","12":"product_tag-olive","13":"product_tag-olive-oil","14":"product_tag-portugal","15":"product_tag-products-from-portugal","16":"product_tag-traditional-products","18":"first","19":"instock","20":"sale","21":"shipping-taxable","22":"purchasable","23":"product-type-simple"},"yoast_head":"<!-- This site is optimized with the Yoast SEO Premium plugin v25.8 (Yoast SEO v25.8) - https:\/\/yoast.com\/wordpress\/plugins\/seo\/ -->\n<title>Eternum Ebrietas | Organic Extra Virgin Olive Oil from Beira-Baixa \u2013 500ml | Portugal<\/title>\n<meta name=\"description\" content=\"Discover organic extra virgin olive oil from Beira-Baixa, Portugal. Cold-pressed, sustainably produced, nutrient-rich, and perfect for salads,\" \/>\n<meta name=\"robots\" content=\"index, follow, max-snippet:-1, max-image-preview:large, max-video-preview:-1\" \/>\n<link rel=\"canonical\" href=\"https:\/\/eternumebrietas.org\/de\/product\/natives-olivenol-extra\/\" \/>\n<meta property=\"og:locale\" content=\"de_DE\" \/>\n<meta property=\"og:type\" content=\"article\" \/>\n<meta property=\"og:title\" content=\"Organic Extra Virgin Olive Oil from Beira-Baixa \u2013 500ml | Portugal\" \/>\n<meta property=\"og:description\" content=\"Discover organic extra virgin olive oil from Beira-Baixa, Portugal. Cold-pressed, sustainably produced, nutrient-rich, and perfect for salads,\" \/>\n<meta property=\"og:url\" content=\"https:\/\/eternumebrietas.org\/de\/product\/natives-olivenol-extra\/\" \/>\n<meta property=\"og:site_name\" content=\"Eternum Ebrietas\" \/>\n<meta property=\"article:publisher\" content=\"https:\/\/www.facebook.com\/profile.php?id=61568619625789\" \/>\n<meta property=\"article:modified_time\" content=\"2026-04-26T18:37:29+00:00\" \/>\n<meta property=\"og:image\" content=\"https:\/\/eternumebrietas.org\/wp-content\/uploads\/2025\/03\/azeite-titanium-500ml.png\" \/>\n\t<meta property=\"og:image:width\" content=\"900\" \/>\n\t<meta property=\"og:image:height\" content=\"900\" \/>\n\t<meta property=\"og:image:type\" content=\"image\/png\" \/>\n<meta name=\"twitter:card\" content=\"summary_large_image\" \/>\n<meta name=\"twitter:label1\" content=\"Est. reading time\" \/>\n\t<meta name=\"twitter:data1\" content=\"2 minutes\" \/>\n<script type=\"application\/ld+json\" class=\"yoast-schema-graph\">{\"@context\":\"https:\/\/schema.org\",\"@graph\":[{\"@type\":\"WebPage\",\"@id\":\"https:\/\/eternumebrietas.org\/product\/organic-extra-virgin-olive-oil-beira-baixa\/\",\"url\":\"https:\/\/eternumebrietas.org\/product\/organic-extra-virgin-olive-oil-beira-baixa\/\",\"name\":\"Eternum Ebrietas | Organic Extra Virgin Olive Oil from Beira-Baixa \u2013 500ml | Portugal\",\"isPartOf\":{\"@id\":\"https:\/\/eternumebrietas.org\/#website\"},\"primaryImageOfPage\":{\"@id\":\"https:\/\/eternumebrietas.org\/product\/organic-extra-virgin-olive-oil-beira-baixa\/#primaryimage\"},\"image\":{\"@id\":\"https:\/\/eternumebrietas.org\/product\/organic-extra-virgin-olive-oil-beira-baixa\/#primaryimage\"},\"thumbnailUrl\":\"https:\/\/eternumebrietas.org\/wp-content\/uploads\/2025\/03\/azeite-titanium-500ml.png\",\"datePublished\":\"2025-03-09T19:00:05+00:00\",\"dateModified\":\"2026-04-26T18:37:29+00:00\",\"description\":\"Discover organic extra virgin olive oil from Beira-Baixa, Portugal. Cold-pressed, sustainably produced, nutrient-rich, and perfect for salads,\",\"breadcrumb\":{\"@id\":\"https:\/\/eternumebrietas.org\/product\/organic-extra-virgin-olive-oil-beira-baixa\/#breadcrumb\"},\"inLanguage\":\"de-DE\",\"potentialAction\":[{\"@type\":\"ReadAction\",\"target\":[\"https:\/\/eternumebrietas.org\/product\/organic-extra-virgin-olive-oil-beira-baixa\/\"]}]},{\"@type\":\"ImageObject\",\"inLanguage\":\"de-DE\",\"@id\":\"https:\/\/eternumebrietas.org\/product\/organic-extra-virgin-olive-oil-beira-baixa\/#primaryimage\",\"url\":\"https:\/\/eternumebrietas.org\/wp-content\/uploads\/2025\/03\/azeite-titanium-500ml.png\",\"contentUrl\":\"https:\/\/eternumebrietas.org\/wp-content\/uploads\/2025\/03\/azeite-titanium-500ml.png\",\"width\":900,\"height\":900,\"caption\":\"olive oil 500ml\"},{\"@type\":\"BreadcrumbList\",\"@id\":\"https:\/\/eternumebrietas.org\/product\/organic-extra-virgin-olive-oil-beira-baixa\/#breadcrumb\",\"itemListElement\":[{\"@type\":\"ListItem\",\"position\":1,\"name\":\"Home\",\"item\":\"https:\/\/eternumebrietas.org\/\"},{\"@type\":\"ListItem\",\"position\":2,\"name\":\"Shop\",\"item\":\"https:\/\/eternumebrietas.org\/shop\/\"},{\"@type\":\"ListItem\",\"position\":3,\"name\":\"Organic Extra Virgin Olive Oil from Beira-Baixa \u2013 500ml | Portugal\"}]},{\"@type\":\"WebSite\",\"@id\":\"https:\/\/eternumebrietas.org\/#website\",\"url\":\"https:\/\/eternumebrietas.org\/\",\"name\":\"https:\/\/eternumebrietas.org\/\",\"description\":\"Eternum Ebrietas\",\"publisher\":{\"@id\":\"https:\/\/eternumebrietas.org\/#organization\"},\"alternateName\":\"Eternum Ebrietas\",\"potentialAction\":[{\"@type\":\"SearchAction\",\"target\":{\"@type\":\"EntryPoint\",\"urlTemplate\":\"https:\/\/eternumebrietas.org\/?s={search_term_string}\"},\"query-input\":{\"@type\":\"PropertyValueSpecification\",\"valueRequired\":true,\"valueName\":\"search_term_string\"}}],\"inLanguage\":\"de-DE\"},{\"@type\":\"Organization\",\"@id\":\"https:\/\/eternumebrietas.org\/#organization\",\"name\":\"https:\/\/eternumebrietas.org\/\",\"alternateName\":\"Eternum Ebrietas\",\"url\":\"https:\/\/eternumebrietas.org\/\",\"logo\":{\"@type\":\"ImageObject\",\"inLanguage\":\"de-DE\",\"@id\":\"https:\/\/eternumebrietas.org\/#\/schema\/logo\/image\/\",\"url\":\"https:\/\/eternumebrietas.org\/wp-content\/uploads\/2025\/02\/EE01gold.png\",\"contentUrl\":\"https:\/\/eternumebrietas.org\/wp-content\/uploads\/2025\/02\/EE01gold.png\",\"width\":2352,\"height\":2361,\"caption\":\"https:\/\/eternumebrietas.org\/\"},\"image\":{\"@id\":\"https:\/\/eternumebrietas.org\/#\/schema\/logo\/image\/\"},\"sameAs\":[\"https:\/\/www.facebook.com\/profile.php?id=61568619625789\",\"https:\/\/www.instagram.com\/eternum_ebrietas\/\"]}]}<\/script>\n<!-- \/ Yoast SEO Premium plugin. -->","yoast_head_json":{"title":"Eternum Ebrietas | Organic Extra Virgin Olive Oil from Beira-Baixa \u2013 500ml | Portugal","description":"Discover organic extra virgin olive oil from Beira-Baixa, Portugal. Cold-pressed, sustainably produced, nutrient-rich, and perfect for salads,","robots":{"index":"index","follow":"follow","max-snippet":"max-snippet:-1","max-image-preview":"max-image-preview:large","max-video-preview":"max-video-preview:-1"},"canonical":"https:\/\/eternumebrietas.org\/de\/product\/natives-olivenol-extra\/","og_locale":"de_DE","og_type":"article","og_title":"Organic Extra Virgin Olive Oil from Beira-Baixa \u2013 500ml | Portugal","og_description":"Discover organic extra virgin olive oil from Beira-Baixa, Portugal. Cold-pressed, sustainably produced, nutrient-rich, and perfect for salads,","og_url":"https:\/\/eternumebrietas.org\/de\/product\/natives-olivenol-extra\/","og_site_name":"Eternum Ebrietas","article_publisher":"https:\/\/www.facebook.com\/profile.php?id=61568619625789","article_modified_time":"2026-04-26T18:37:29+00:00","og_image":[{"width":900,"height":900,"url":"https:\/\/eternumebrietas.org\/wp-content\/uploads\/2025\/03\/azeite-titanium-500ml.png","type":"image\/png"}],"twitter_card":"summary_large_image","twitter_misc":{"Est. reading time":"2 minutes"},"schema":{"@context":"https:\/\/schema.org","@graph":[{"@type":"WebPage","@id":"https:\/\/eternumebrietas.org\/product\/organic-extra-virgin-olive-oil-beira-baixa\/","url":"https:\/\/eternumebrietas.org\/product\/organic-extra-virgin-olive-oil-beira-baixa\/","name":"Eternum Ebrietas | Organic Extra Virgin Olive Oil from Beira-Baixa \u2013 500ml | Portugal","isPartOf":{"@id":"https:\/\/eternumebrietas.org\/#website"},"primaryImageOfPage":{"@id":"https:\/\/eternumebrietas.org\/product\/organic-extra-virgin-olive-oil-beira-baixa\/#primaryimage"},"image":{"@id":"https:\/\/eternumebrietas.org\/product\/organic-extra-virgin-olive-oil-beira-baixa\/#primaryimage"},"thumbnailUrl":"https:\/\/eternumebrietas.org\/wp-content\/uploads\/2025\/03\/azeite-titanium-500ml.png","datePublished":"2025-03-09T19:00:05+00:00","dateModified":"2026-04-26T18:37:29+00:00","description":"Discover organic extra virgin olive oil from Beira-Baixa, Portugal. Cold-pressed, sustainably produced, nutrient-rich, and perfect for salads,","breadcrumb":{"@id":"https:\/\/eternumebrietas.org\/product\/organic-extra-virgin-olive-oil-beira-baixa\/#breadcrumb"},"inLanguage":"de-DE","potentialAction":[{"@type":"ReadAction","target":["https:\/\/eternumebrietas.org\/product\/organic-extra-virgin-olive-oil-beira-baixa\/"]}]},{"@type":"ImageObject","inLanguage":"de-DE","@id":"https:\/\/eternumebrietas.org\/product\/organic-extra-virgin-olive-oil-beira-baixa\/#primaryimage","url":"https:\/\/eternumebrietas.org\/wp-content\/uploads\/2025\/03\/azeite-titanium-500ml.png","contentUrl":"https:\/\/eternumebrietas.org\/wp-content\/uploads\/2025\/03\/azeite-titanium-500ml.png","width":900,"height":900,"caption":"olive oil 500ml"},{"@type":"BreadcrumbList","@id":"https:\/\/eternumebrietas.org\/product\/organic-extra-virgin-olive-oil-beira-baixa\/#breadcrumb","itemListElement":[{"@type":"ListItem","position":1,"name":"Home","item":"https:\/\/eternumebrietas.org\/"},{"@type":"ListItem","position":2,"name":"Shop","item":"https:\/\/eternumebrietas.org\/shop\/"},{"@type":"ListItem","position":3,"name":"Organic Extra Virgin Olive Oil from Beira-Baixa \u2013 500ml | Portugal"}]},{"@type":"WebSite","@id":"https:\/\/eternumebrietas.org\/#website","url":"https:\/\/eternumebrietas.org\/","name":"https:\/\/eternumebrietas.org\/","description":"Eternum Ebrietas","publisher":{"@id":"https:\/\/eternumebrietas.org\/#organization"},"alternateName":"Eternum Ebrietas","potentialAction":[{"@type":"SearchAction","target":{"@type":"EntryPoint","urlTemplate":"https:\/\/eternumebrietas.org\/?s={search_term_string}"},"query-input":{"@type":"PropertyValueSpecification","valueRequired":true,"valueName":"search_term_string"}}],"inLanguage":"de-DE"},{"@type":"Organization","@id":"https:\/\/eternumebrietas.org\/#organization","name":"https:\/\/eternumebrietas.org\/","alternateName":"Eternum Ebrietas","url":"https:\/\/eternumebrietas.org\/","logo":{"@type":"ImageObject","inLanguage":"de-DE","@id":"https:\/\/eternumebrietas.org\/#\/schema\/logo\/image\/","url":"https:\/\/eternumebrietas.org\/wp-content\/uploads\/2025\/02\/EE01gold.png","contentUrl":"https:\/\/eternumebrietas.org\/wp-content\/uploads\/2025\/02\/EE01gold.png","width":2352,"height":2361,"caption":"https:\/\/eternumebrietas.org\/"},"image":{"@id":"https:\/\/eternumebrietas.org\/#\/schema\/logo\/image\/"},"sameAs":["https:\/\/www.facebook.com\/profile.php?id=61568619625789","https:\/\/www.instagram.com\/eternum_ebrietas\/"]}]}},"_links":{"self":[{"href":"https:\/\/eternumebrietas.org\/de\/wp-json\/wp\/v2\/product\/6957","targetHints":{"allow":["GET"]}}],"collection":[{"href":"https:\/\/eternumebrietas.org\/de\/wp-json\/wp\/v2\/product"}],"about":[{"href":"https:\/\/eternumebrietas.org\/de\/wp-json\/wp\/v2\/types\/product"}],"replies":[{"embeddable":true,"href":"https:\/\/eternumebrietas.org\/de\/wp-json\/wp\/v2\/comments?post=6957"}],"wp:featuredmedia":[{"embeddable":true,"href":"https:\/\/eternumebrietas.org\/de\/wp-json\/wp\/v2\/media\/7549"}],"wp:attachment":[{"href":"https:\/\/eternumebrietas.org\/de\/wp-json\/wp\/v2\/media?parent=6957"}],"wp:term":[{"taxonomy":"product_brand","embeddable":true,"href":"https:\/\/eternumebrietas.org\/de\/wp-json\/wp\/v2\/product_brand?post=6957"},{"taxonomy":"product_cat","embeddable":true,"href":"https:\/\/eternumebrietas.org\/de\/wp-json\/wp\/v2\/product_cat?post=6957"},{"taxonomy":"product_tag","embeddable":true,"href":"https:\/\/eternumebrietas.org\/de\/wp-json\/wp\/v2\/product_tag?post=6957"}],"curies":[{"name":"wp","href":"https:\/\/api.w.org\/{rel}","templated":true}]}}