{"id":6950,"date":"2025-03-09T18:21:51","date_gmt":"2025-03-09T18:21:51","guid":{"rendered":"https:\/\/eternumebrietas.org\/?post_type=product&#038;p=6950"},"modified":"2025-11-11T15:04:33","modified_gmt":"2025-11-11T15:04:33","slug":"organic-white-wine","status":"publish","type":"product","link":"https:\/\/eternumebrietas.org\/de\/product\/bio-weiswein\/","title":{"rendered":"Wei\u00dfwein aus Beira-Baixa \u2013 750 ml | Portugal"},"content":{"rendered":"<div id=\"fws_69f4af29c832c\"  data-column-margin=\"default\" data-midnight=\"dark\"  class=\"wpb_row vc_row-fluid vc_row\"  style=\"padding-top: 0px; padding-bottom: 0px; \"><div class=\"row-bg-wrap\" data-bg-animation=\"none\" data-bg-animation-delay=\"\" data-bg-overlay=\"false\"><div class=\"inner-wrap row-bg-layer\" ><div class=\"row-bg viewport-desktop\"  style=\"\"><\/div><\/div><\/div><div class=\"row_col_wrap_12 col span_12 dark left\">\n\t<div  class=\"vc_col-sm-12 wpb_column column_container vc_column_container col no-extra-padding inherit_tablet inherit_phone\"  data-padding-pos=\"all\" data-has-bg-color=\"false\" data-bg-color=\"\" data-bg-opacity=\"1\" data-animation=\"\" data-delay=\"0\" >\n\t\t<div class=\"vc_column-inner\" >\n\t\t\t<div class=\"wpb_wrapper\">\n\t\t\t\t<div class=\"nectar-cta  text_hover_color_ff1053 alignment_tablet_default alignment_phone_default display_tablet_inherit display_phone_inherit\" data-color=\"default\" data-using-bg=\"false\" data-style=\"see-through\" data-display=\"block\" data-alignment=\"left\" data-text-color=\"std\" ><h6> <span class=\"text\">Zur\u00fcck zum SHOP <\/span><span class=\"link_wrap\" ><a  class=\"link_text\" role=\"button\" href=\"https:\/\/eternumebrietas.org\/de\/shop\/\"><span class=\"arrow\"><\/span><\/a><\/span><\/h6><\/div>\n\t\t\t<\/div> \n\t\t<\/div>\n\t<\/div> \n<\/div><\/div>\n\n\t\t<div id=\"fws_69f4af29c8757\"  data-column-margin=\"default\" data-midnight=\"dark\"  class=\"wpb_row vc_row-fluid vc_row\"  style=\"padding-top: 0px; padding-bottom: 0px; \"><div class=\"row-bg-wrap\" data-bg-animation=\"none\" data-bg-animation-delay=\"\" data-bg-overlay=\"false\"><div class=\"inner-wrap row-bg-layer\" ><div class=\"row-bg viewport-desktop\"  style=\"\"><\/div><\/div><\/div><div class=\"row_col_wrap_12 col span_12 dark left\">\n\t<div  class=\"vc_col-sm-12 wpb_column column_container vc_column_container col no-extra-padding inherit_tablet inherit_phone\"  data-padding-pos=\"all\" data-has-bg-color=\"false\" data-bg-color=\"\" data-bg-opacity=\"1\" data-animation=\"\" data-delay=\"0\" >\n\t\t<div class=\"vc_column-inner\" >\n\t\t\t<div class=\"wpb_wrapper\">\n\t\t\t\t\n<div class=\"wpb_text_column wpb_content_element\" >\n\t<div class=\"wpb_wrapper\">\n\t\t<h3 data-start=\"270\" data-end=\"623\">Wei\u00dfwein<\/h3>\n<p data-start=\"270\" data-end=\"623\"><em data-start=\"270\" data-end=\"621\">Der Wei\u00dfwein Eternum Ebrietas stammt aus den Terrassenweinbergen der Beira-Baixa-Berge in Portugal. Diese 750-ml-Flasche enth\u00e4lt hochwertigen Biowein aus sorgf\u00e4ltig ausgew\u00e4hlten Trauben. Die Trauben wachsen auf steinigen B\u00f6den und genie\u00dfen die k\u00fchle Bergbrise, die den Weinen ihren unverwechselbaren Charakter und Ausdruck des lokalen Terroirs verleiht.<\/em><\/p>\n<p data-start=\"630\" data-end=\"1092\"><em data-start=\"630\" data-end=\"1090\">Die Weine dieser Region bieten elegante und komplexe Aromen. Die Chardonnays beispielsweise sind cremig und ausgewogen, mit zarten Bl\u00fcten- und Fruchtaromen. Die Pinot Blancs bieten zudem einen frischen und knackigen Geschmack, w\u00e4hrend andere Wei\u00dfweine subtile mineralische Noten aufweisen, die die steinigen Bergb\u00f6den widerspiegeln. Alle Weine zeugen von der Handwerkskunst und Tradition der Winzer der Beira-Baixa, die im Weinberg nachhaltige und biologische Anbaumethoden verfolgen.<\/em><\/p>\n\t<\/div>\n<\/div>\n\n\n\n\n\t\t\t<\/div> \n\t\t<\/div>\n\t<\/div> \n<\/div><\/div>\n\t\t<div id=\"fws_69f4af29c8ab2\"  data-column-margin=\"default\" data-midnight=\"dark\"  class=\"wpb_row vc_row-fluid vc_row full-width-content vc_row-o-equal-height vc_row-flex vc_row-o-content-top\"  style=\"padding-top: 0px; padding-bottom: 0px; \"><div class=\"row-bg-wrap\" data-bg-animation=\"none\" data-bg-animation-delay=\"\" data-bg-overlay=\"false\"><div class=\"inner-wrap row-bg-layer\" ><div class=\"row-bg viewport-desktop\"  style=\"\"><\/div><\/div><\/div><div class=\"row_col_wrap_12 col span_12 dark left\">\n\t<div  class=\"vc_col-sm-12 wpb_column column_container vc_column_container col no-extra-padding inherit_tablet inherit_phone\"  data-padding-pos=\"all\" data-has-bg-color=\"false\" data-bg-color=\"\" data-bg-opacity=\"1\" data-animation=\"\" data-delay=\"0\" >\n\t\t<div class=\"vc_column-inner\" >\n\t\t\t<div class=\"wpb_wrapper\">\n\t\t\t\t<div class=\"nectar_video_player_self_hosted wpb_video_widget wpb_content_element vc_clearfix vc_video-aspect-ratio-916 vc_video-el-width-100 vc_video-align-center\" data-border-radius=\"none\" data-shadow=\"none\">\n<div class=\"wpb_wrapper\"><div class=\"wpb_video_wrapper\"><video width=\"1280\" height=\"720\" class=\"nectar-video-self-hosted\" preload=\"auto\" controls controlslist=\"nodownload\"><source src=\"https:\/\/eternumebrietas.org\/wp-content\/uploads\/2025\/03\/VID_20250904_174133.mp4\"  type=\"video\/mp4\"><\/video><\/div><\/div><\/div>\n\t\t\t<\/div> \n\t\t<\/div>\n\t<\/div> \n<\/div><\/div>\n\t\t<div id=\"fws_69f4af29c8d71\"  data-column-margin=\"default\" data-midnight=\"dark\"  class=\"wpb_row vc_row-fluid vc_row\"  style=\"padding-top: 0px; padding-bottom: 0px; \"><div class=\"row-bg-wrap\" data-bg-animation=\"none\" data-bg-animation-delay=\"\" data-bg-overlay=\"false\"><div class=\"inner-wrap row-bg-layer\" ><div class=\"row-bg viewport-desktop\"  style=\"\"><\/div><\/div><\/div><div class=\"row_col_wrap_12 col span_12 dark left\">\n\t<div  class=\"vc_col-sm-12 wpb_column column_container vc_column_container col no-extra-padding inherit_tablet inherit_phone\"  data-padding-pos=\"all\" data-has-bg-color=\"false\" data-bg-color=\"\" data-bg-opacity=\"1\" data-animation=\"\" data-delay=\"0\" >\n\t\t<div class=\"vc_column-inner\" >\n\t\t\t<div class=\"wpb_wrapper\">\n\t\t\t\t\n<div class=\"wpb_text_column wpb_content_element\" >\n\t<div class=\"wpb_wrapper\">\n\t\t<p data-start=\"1099\" data-end=\"1476\"><em data-start=\"1099\" data-end=\"1474\">Traditionelle 750-ml-Flaschen bewahren die Aromen und Geschmacksrichtungen des Weins und eignen sich daher ideal zum Genie\u00dfen zu leichten Mahlzeiten oder pur. Dar\u00fcber hinaus eignen sich diese Weine perfekt f\u00fcr Feiern, Zusammenk\u00fcnfte oder als Gourmet-Geschenk f\u00fcr Weinliebhaber. Jeder Schluck liefert einen echten Geschmack des portugiesischen Bergweinbaus und unterstreicht die Harmonie zwischen Natur und sorgf\u00e4ltiger Weinbergsbewirtschaftung.<\/em><\/p>\n<p data-start=\"1483\" data-end=\"1871\"><em data-start=\"1483\" data-end=\"1869\">Dar\u00fcber hinaus achten die Winzer von Eternum Ebrietas auf jeden Produktionsschritt, von der Weinbergbewirtschaftung \u00fcber die Ernte bis hin zur G\u00e4rung, und gew\u00e4hrleisten so eine gleichbleibende Qualit\u00e4t. So verk\u00f6rpert jede Flasche das einzigartige Terroir der Beira-Baixa und das Engagement der Winzer. Dar\u00fcber hinaus passen diese Weine hervorragend zu Meeresfr\u00fcchten, Gefl\u00fcgel, mediterranen Gerichten oder Weichk\u00e4se.<\/em><\/p>\n<p data-start=\"1878\" data-end=\"2128\"><em data-start=\"1878\" data-end=\"2126\">Ob f\u00fcr den Genuss in der Freizeit oder zu besonderen Anl\u00e4ssen \u2013 der Wei\u00dfwein Eternum Ebrietas bietet Eleganz, Frische und Authentizit\u00e4t. Er ist eine ausgezeichnete Wahl f\u00fcr Liebhaber von Bio-Bergweinen und bietet Geschmack und Tradition in jedem Glas.<\/em><\/p>\n<p>EAN: 5600174619371<\/p>\n<p>Wei\u00dfwein \u2013 750 ml | Portugal wird direkt vom Hersteller an den Kunden verkauft.<\/p>\n\t<\/div>\n<\/div>\n\n\n\n\n\t\t\t<\/div> \n\t\t<\/div>\n\t<\/div> \n<\/div><\/div>\n\n\t\t<div id=\"fws_69f4af29c9097\"  data-column-margin=\"default\" data-midnight=\"dark\"  class=\"wpb_row vc_row-fluid vc_row\"  style=\"padding-top: 0px; padding-bottom: 0px; \"><div class=\"row-bg-wrap\" data-bg-animation=\"none\" data-bg-animation-delay=\"\" data-bg-overlay=\"false\"><div class=\"inner-wrap row-bg-layer\" ><div class=\"row-bg viewport-desktop\"  style=\"\"><\/div><\/div><\/div><div class=\"row_col_wrap_12 col span_12 dark left\">\n\t<div  class=\"vc_col-sm-12 wpb_column column_container vc_column_container col no-extra-padding inherit_tablet inherit_phone\"  data-padding-pos=\"all\" data-has-bg-color=\"false\" data-bg-color=\"\" data-bg-opacity=\"1\" data-animation=\"\" data-delay=\"0\" >\n\t\t<div class=\"vc_column-inner\" >\n\t\t\t<div class=\"wpb_wrapper\">\n\t\t\t\t<div class=\"nectar-cta  text_hover_color_ff1053 alignment_tablet_default alignment_phone_default display_tablet_inherit display_phone_inherit\" data-color=\"default\" data-using-bg=\"false\" data-style=\"see-through\" data-display=\"block\" data-alignment=\"left\" data-text-color=\"std\" ><h6> <span class=\"text\">Zur\u00fcck zum SHOP <\/span><span class=\"link_wrap\" ><a  class=\"link_text\" role=\"button\" href=\"https:\/\/eternumebrietas.org\/de\/shop\/\"><span class=\"arrow\"><\/span><\/a><\/span><\/h6><\/div>\n\t\t\t<\/div> \n\t\t<\/div>\n\t<\/div> \n<\/div><\/div>","protected":false},"excerpt":{"rendered":"<p>Wei\u00dfweine aus Trauben, die in den Terrassenweinbergen der Berge von Beira-Baixa, Portugal, angebaut werden.<\/p>","protected":false},"featured_media":7554,"comment_status":"open","ping_status":"closed","template":"","meta":[],"product_brand":[246],"product_cat":[313,143],"product_tag":[230,235,146,231,234,145],"class_list":{"0":"post-6950","1":"product","2":"type-product","3":"status-publish","4":"has-post-thumbnail","6":"product_brand-eternum-ebrietas","7":"product_cat-mountain-products","8":"product_cat-wine","9":"product_tag-beira-baixa","10":"product_tag-bio","11":"product_tag-organic","12":"product_tag-portugal","13":"product_tag-white-wine","14":"product_tag-wine","16":"first","17":"instock","18":"sale","19":"shipping-taxable","20":"purchasable","21":"product-type-simple"},"yoast_head":"<!-- This site is optimized with the Yoast SEO Premium plugin v25.8 (Yoast SEO v25.8) - https:\/\/yoast.com\/wordpress\/plugins\/seo\/ -->\n<title>Eternum Ebrietas | White Wine from Beira-Baixa \u2013 750ml | Portugal<\/title>\n<meta name=\"description\" content=\"Discover Eternum Ebrietas White Wine from Beira-Baixa, Portugal. Organic mountain wine with elegant, fresh flavors, perfect for meals or as a gourmet gift.\" \/>\n<meta name=\"robots\" content=\"index, follow, max-snippet:-1, max-image-preview:large, max-video-preview:-1\" \/>\n<link rel=\"canonical\" href=\"https:\/\/eternumebrietas.org\/de\/product\/bio-weiswein\/\" \/>\n<meta property=\"og:locale\" content=\"de_DE\" \/>\n<meta property=\"og:type\" content=\"article\" \/>\n<meta property=\"og:title\" content=\"White Wine from Beira-Baixa \u2013 750ml | Portugal\" \/>\n<meta property=\"og:description\" content=\"Discover Eternum Ebrietas White Wine from Beira-Baixa, Portugal. Organic mountain wine with elegant, fresh flavors, perfect for meals or as a gourmet gift.\" \/>\n<meta property=\"og:url\" content=\"https:\/\/eternumebrietas.org\/de\/product\/bio-weiswein\/\" \/>\n<meta property=\"og:site_name\" content=\"Eternum Ebrietas\" \/>\n<meta property=\"article:publisher\" content=\"https:\/\/www.facebook.com\/profile.php?id=61568619625789\" \/>\n<meta property=\"article:modified_time\" content=\"2025-11-11T15:04:33+00:00\" \/>\n<meta property=\"og:image\" content=\"https:\/\/eternumebrietas.org\/wp-content\/uploads\/2025\/03\/vinho-branco-titanium-750ml.png\" \/>\n\t<meta property=\"og:image:width\" content=\"900\" \/>\n\t<meta property=\"og:image:height\" content=\"900\" \/>\n\t<meta property=\"og:image:type\" content=\"image\/png\" \/>\n<meta name=\"twitter:card\" content=\"summary_large_image\" \/>\n<meta name=\"twitter:label1\" content=\"Est. reading time\" \/>\n\t<meta name=\"twitter:data1\" content=\"2 minutes\" \/>\n<script type=\"application\/ld+json\" class=\"yoast-schema-graph\">{\"@context\":\"https:\/\/schema.org\",\"@graph\":[{\"@type\":\"WebPage\",\"@id\":\"https:\/\/eternumebrietas.org\/product\/organic-white-wine\/\",\"url\":\"https:\/\/eternumebrietas.org\/product\/organic-white-wine\/\",\"name\":\"Eternum Ebrietas | White Wine from Beira-Baixa \u2013 750ml | Portugal\",\"isPartOf\":{\"@id\":\"https:\/\/eternumebrietas.org\/#website\"},\"primaryImageOfPage\":{\"@id\":\"https:\/\/eternumebrietas.org\/product\/organic-white-wine\/#primaryimage\"},\"image\":{\"@id\":\"https:\/\/eternumebrietas.org\/product\/organic-white-wine\/#primaryimage\"},\"thumbnailUrl\":\"https:\/\/eternumebrietas.org\/wp-content\/uploads\/2025\/03\/vinho-branco-titanium-750ml.png\",\"datePublished\":\"2025-03-09T18:21:51+00:00\",\"dateModified\":\"2025-11-11T15:04:33+00:00\",\"description\":\"Discover Eternum Ebrietas White Wine from Beira-Baixa, Portugal. Organic mountain wine with elegant, fresh flavors, perfect for meals or as a gourmet gift.\",\"breadcrumb\":{\"@id\":\"https:\/\/eternumebrietas.org\/product\/organic-white-wine\/#breadcrumb\"},\"inLanguage\":\"de-DE\",\"potentialAction\":[{\"@type\":\"ReadAction\",\"target\":[\"https:\/\/eternumebrietas.org\/product\/organic-white-wine\/\"]}]},{\"@type\":\"ImageObject\",\"inLanguage\":\"de-DE\",\"@id\":\"https:\/\/eternumebrietas.org\/product\/organic-white-wine\/#primaryimage\",\"url\":\"https:\/\/eternumebrietas.org\/wp-content\/uploads\/2025\/03\/vinho-branco-titanium-750ml.png\",\"contentUrl\":\"https:\/\/eternumebrietas.org\/wp-content\/uploads\/2025\/03\/vinho-branco-titanium-750ml.png\",\"width\":900,\"height\":900,\"caption\":\"vinho branco 750ml\"},{\"@type\":\"BreadcrumbList\",\"@id\":\"https:\/\/eternumebrietas.org\/product\/organic-white-wine\/#breadcrumb\",\"itemListElement\":[{\"@type\":\"ListItem\",\"position\":1,\"name\":\"Home\",\"item\":\"https:\/\/eternumebrietas.org\/\"},{\"@type\":\"ListItem\",\"position\":2,\"name\":\"Shop\",\"item\":\"https:\/\/eternumebrietas.org\/shop\/\"},{\"@type\":\"ListItem\",\"position\":3,\"name\":\"White Wine from Beira-Baixa \u2013 750ml | Portugal\"}]},{\"@type\":\"WebSite\",\"@id\":\"https:\/\/eternumebrietas.org\/#website\",\"url\":\"https:\/\/eternumebrietas.org\/\",\"name\":\"https:\/\/eternumebrietas.org\/\",\"description\":\"Eternum Ebrietas\",\"publisher\":{\"@id\":\"https:\/\/eternumebrietas.org\/#organization\"},\"alternateName\":\"Eternum Ebrietas\",\"potentialAction\":[{\"@type\":\"SearchAction\",\"target\":{\"@type\":\"EntryPoint\",\"urlTemplate\":\"https:\/\/eternumebrietas.org\/?s={search_term_string}\"},\"query-input\":{\"@type\":\"PropertyValueSpecification\",\"valueRequired\":true,\"valueName\":\"search_term_string\"}}],\"inLanguage\":\"de-DE\"},{\"@type\":\"Organization\",\"@id\":\"https:\/\/eternumebrietas.org\/#organization\",\"name\":\"https:\/\/eternumebrietas.org\/\",\"alternateName\":\"Eternum Ebrietas\",\"url\":\"https:\/\/eternumebrietas.org\/\",\"logo\":{\"@type\":\"ImageObject\",\"inLanguage\":\"de-DE\",\"@id\":\"https:\/\/eternumebrietas.org\/#\/schema\/logo\/image\/\",\"url\":\"https:\/\/eternumebrietas.org\/wp-content\/uploads\/2025\/02\/EE01gold.png\",\"contentUrl\":\"https:\/\/eternumebrietas.org\/wp-content\/uploads\/2025\/02\/EE01gold.png\",\"width\":2352,\"height\":2361,\"caption\":\"https:\/\/eternumebrietas.org\/\"},\"image\":{\"@id\":\"https:\/\/eternumebrietas.org\/#\/schema\/logo\/image\/\"},\"sameAs\":[\"https:\/\/www.facebook.com\/profile.php?id=61568619625789\",\"https:\/\/www.instagram.com\/eternum_ebrietas\/\"]}]}<\/script>\n<!-- \/ Yoast SEO Premium plugin. -->","yoast_head_json":{"title":"Eternum Ebrietas | White Wine from Beira-Baixa \u2013 750ml | Portugal","description":"Discover Eternum Ebrietas White Wine from Beira-Baixa, Portugal. Organic mountain wine with elegant, fresh flavors, perfect for meals or as a gourmet gift.","robots":{"index":"index","follow":"follow","max-snippet":"max-snippet:-1","max-image-preview":"max-image-preview:large","max-video-preview":"max-video-preview:-1"},"canonical":"https:\/\/eternumebrietas.org\/de\/product\/bio-weiswein\/","og_locale":"de_DE","og_type":"article","og_title":"White Wine from Beira-Baixa \u2013 750ml | Portugal","og_description":"Discover Eternum Ebrietas White Wine from Beira-Baixa, Portugal. Organic mountain wine with elegant, fresh flavors, perfect for meals or as a gourmet gift.","og_url":"https:\/\/eternumebrietas.org\/de\/product\/bio-weiswein\/","og_site_name":"Eternum Ebrietas","article_publisher":"https:\/\/www.facebook.com\/profile.php?id=61568619625789","article_modified_time":"2025-11-11T15:04:33+00:00","og_image":[{"width":900,"height":900,"url":"https:\/\/eternumebrietas.org\/wp-content\/uploads\/2025\/03\/vinho-branco-titanium-750ml.png","type":"image\/png"}],"twitter_card":"summary_large_image","twitter_misc":{"Est. reading time":"2 minutes"},"schema":{"@context":"https:\/\/schema.org","@graph":[{"@type":"WebPage","@id":"https:\/\/eternumebrietas.org\/product\/organic-white-wine\/","url":"https:\/\/eternumebrietas.org\/product\/organic-white-wine\/","name":"Eternum Ebrietas | White Wine from Beira-Baixa \u2013 750ml | Portugal","isPartOf":{"@id":"https:\/\/eternumebrietas.org\/#website"},"primaryImageOfPage":{"@id":"https:\/\/eternumebrietas.org\/product\/organic-white-wine\/#primaryimage"},"image":{"@id":"https:\/\/eternumebrietas.org\/product\/organic-white-wine\/#primaryimage"},"thumbnailUrl":"https:\/\/eternumebrietas.org\/wp-content\/uploads\/2025\/03\/vinho-branco-titanium-750ml.png","datePublished":"2025-03-09T18:21:51+00:00","dateModified":"2025-11-11T15:04:33+00:00","description":"Discover Eternum Ebrietas White Wine from Beira-Baixa, Portugal. Organic mountain wine with elegant, fresh flavors, perfect for meals or as a gourmet gift.","breadcrumb":{"@id":"https:\/\/eternumebrietas.org\/product\/organic-white-wine\/#breadcrumb"},"inLanguage":"de-DE","potentialAction":[{"@type":"ReadAction","target":["https:\/\/eternumebrietas.org\/product\/organic-white-wine\/"]}]},{"@type":"ImageObject","inLanguage":"de-DE","@id":"https:\/\/eternumebrietas.org\/product\/organic-white-wine\/#primaryimage","url":"https:\/\/eternumebrietas.org\/wp-content\/uploads\/2025\/03\/vinho-branco-titanium-750ml.png","contentUrl":"https:\/\/eternumebrietas.org\/wp-content\/uploads\/2025\/03\/vinho-branco-titanium-750ml.png","width":900,"height":900,"caption":"vinho branco 750ml"},{"@type":"BreadcrumbList","@id":"https:\/\/eternumebrietas.org\/product\/organic-white-wine\/#breadcrumb","itemListElement":[{"@type":"ListItem","position":1,"name":"Home","item":"https:\/\/eternumebrietas.org\/"},{"@type":"ListItem","position":2,"name":"Shop","item":"https:\/\/eternumebrietas.org\/shop\/"},{"@type":"ListItem","position":3,"name":"White Wine from Beira-Baixa \u2013 750ml | Portugal"}]},{"@type":"WebSite","@id":"https:\/\/eternumebrietas.org\/#website","url":"https:\/\/eternumebrietas.org\/","name":"https:\/\/eternumebrietas.org\/","description":"Eternum Ebrietas","publisher":{"@id":"https:\/\/eternumebrietas.org\/#organization"},"alternateName":"Eternum Ebrietas","potentialAction":[{"@type":"SearchAction","target":{"@type":"EntryPoint","urlTemplate":"https:\/\/eternumebrietas.org\/?s={search_term_string}"},"query-input":{"@type":"PropertyValueSpecification","valueRequired":true,"valueName":"search_term_string"}}],"inLanguage":"de-DE"},{"@type":"Organization","@id":"https:\/\/eternumebrietas.org\/#organization","name":"https:\/\/eternumebrietas.org\/","alternateName":"Eternum Ebrietas","url":"https:\/\/eternumebrietas.org\/","logo":{"@type":"ImageObject","inLanguage":"de-DE","@id":"https:\/\/eternumebrietas.org\/#\/schema\/logo\/image\/","url":"https:\/\/eternumebrietas.org\/wp-content\/uploads\/2025\/02\/EE01gold.png","contentUrl":"https:\/\/eternumebrietas.org\/wp-content\/uploads\/2025\/02\/EE01gold.png","width":2352,"height":2361,"caption":"https:\/\/eternumebrietas.org\/"},"image":{"@id":"https:\/\/eternumebrietas.org\/#\/schema\/logo\/image\/"},"sameAs":["https:\/\/www.facebook.com\/profile.php?id=61568619625789","https:\/\/www.instagram.com\/eternum_ebrietas\/"]}]}},"_links":{"self":[{"href":"https:\/\/eternumebrietas.org\/de\/wp-json\/wp\/v2\/product\/6950","targetHints":{"allow":["GET"]}}],"collection":[{"href":"https:\/\/eternumebrietas.org\/de\/wp-json\/wp\/v2\/product"}],"about":[{"href":"https:\/\/eternumebrietas.org\/de\/wp-json\/wp\/v2\/types\/product"}],"replies":[{"embeddable":true,"href":"https:\/\/eternumebrietas.org\/de\/wp-json\/wp\/v2\/comments?post=6950"}],"wp:featuredmedia":[{"embeddable":true,"href":"https:\/\/eternumebrietas.org\/de\/wp-json\/wp\/v2\/media\/7554"}],"wp:attachment":[{"href":"https:\/\/eternumebrietas.org\/de\/wp-json\/wp\/v2\/media?parent=6950"}],"wp:term":[{"taxonomy":"product_brand","embeddable":true,"href":"https:\/\/eternumebrietas.org\/de\/wp-json\/wp\/v2\/product_brand?post=6950"},{"taxonomy":"product_cat","embeddable":true,"href":"https:\/\/eternumebrietas.org\/de\/wp-json\/wp\/v2\/product_cat?post=6950"},{"taxonomy":"product_tag","embeddable":true,"href":"https:\/\/eternumebrietas.org\/de\/wp-json\/wp\/v2\/product_tag?post=6950"}],"curies":[{"name":"wp","href":"https:\/\/api.w.org\/{rel}","templated":true}]}}