{"id":6583,"date":"2025-01-31T23:25:17","date_gmt":"2025-01-31T23:25:17","guid":{"rendered":"https:\/\/lavenderblush-swan-613682.hostingersite.com\/?post_type=product&#038;p=6583"},"modified":"2025-11-11T15:04:42","modified_gmt":"2025-11-11T15:04:42","slug":"medronho-brandy-beira-baixa","status":"publish","type":"product","link":"https:\/\/eternumebrietas.org\/de\/product\/medronho-brandy-beira-baixa\/","title":{"rendered":"Medronho Brandy aus Beira-Baixa \u2013 500 ml | Portugal"},"content":{"rendered":"<div id=\"fws_69f4d02fc3aec\"  data-column-margin=\"default\" data-midnight=\"dark\"  class=\"wpb_row vc_row-fluid vc_row\"  style=\"padding-top: 0px; padding-bottom: 0px; \"><div class=\"row-bg-wrap\" data-bg-animation=\"none\" data-bg-animation-delay=\"\" data-bg-overlay=\"false\"><div class=\"inner-wrap row-bg-layer\" ><div class=\"row-bg viewport-desktop\"  style=\"\"><\/div><\/div><\/div><div class=\"row_col_wrap_12 col span_12 dark left\">\n\t<div  class=\"vc_col-sm-12 wpb_column column_container vc_column_container col no-extra-padding inherit_tablet inherit_phone\"  data-padding-pos=\"all\" data-has-bg-color=\"false\" data-bg-color=\"\" data-bg-opacity=\"1\" data-animation=\"\" data-delay=\"0\" >\n\t\t<div class=\"vc_column-inner\" >\n\t\t\t<div class=\"wpb_wrapper\">\n\t\t\t\t<div class=\"nectar-cta  text_hover_color_ff1053 alignment_tablet_default alignment_phone_default display_tablet_inherit display_phone_inherit\" data-color=\"default\" data-using-bg=\"false\" data-style=\"see-through\" data-display=\"block\" data-alignment=\"left\" data-text-color=\"std\" ><h6> <span class=\"text\">Zur\u00fcck zum SHOP <\/span><span class=\"link_wrap\" ><a  class=\"link_text\" role=\"button\" href=\"https:\/\/eternumebrietas.org\/de\/shop\/\"><span class=\"arrow\"><\/span><\/a><\/span><\/h6><\/div>\n\t\t\t<\/div> \n\t\t<\/div>\n\t<\/div> \n<\/div><\/div>\n\n\t\t<div id=\"fws_69f4d02fc3f35\"  data-column-margin=\"default\" data-midnight=\"dark\"  class=\"wpb_row vc_row-fluid vc_row\"  style=\"padding-top: 0px; padding-bottom: 0px; \"><div class=\"row-bg-wrap\" data-bg-animation=\"none\" data-bg-animation-delay=\"\" data-bg-overlay=\"false\"><div class=\"inner-wrap row-bg-layer\" ><div class=\"row-bg viewport-desktop\"  style=\"\"><\/div><\/div><\/div><div class=\"row_col_wrap_12 col span_12 dark left\">\n\t<div  class=\"vc_col-sm-12 wpb_column column_container vc_column_container col no-extra-padding inherit_tablet inherit_phone\"  data-padding-pos=\"all\" data-has-bg-color=\"false\" data-bg-color=\"\" data-bg-opacity=\"1\" data-animation=\"\" data-delay=\"0\" >\n\t\t<div class=\"vc_column-inner\" >\n\t\t\t<div class=\"wpb_wrapper\">\n\t\t\t\t\n<div class=\"wpb_text_column wpb_content_element\" >\n\t<div class=\"wpb_wrapper\">\n\t\t<h4>Medronho Brandy<\/h4>\n<p>Eternum Ebrietas Medronho Brandy stammt aus den Bergen von Beira-Baixa in Portugal. Diese 500-ml-Flasche enth\u00e4lt einen traditionellen Obstbrand aus den Fr\u00fcchten des Erdbeerbaums, auch bekannt als Arbutusbaum. Erdbeerb\u00e4ume wachsen nat\u00fcrlich auf Schieferb\u00f6den, die in den zentralen und n\u00f6rdlichen Regionen Portugals h\u00e4ufig vorkommen. Dar\u00fcber hinaus wird der Brandy sorgf\u00e4ltig destilliert, um sein fruchtiges Aroma und seinen feinen Geschmack zu bewahren.<\/p>\n<p>Ein guter Medronho Brandy ist klar und aromatisch. Sein Alkoholgehalt liegt bei 20 \u00b0C zwischen 38 % und 54 % vol. Dar\u00fcber hinaus bietet er einzigartige sensorische Eigenschaften, die die Authentizit\u00e4t der Beira-Baixa-Berge widerspiegeln. Der Brandy eignet sich perfekt zum puren Genuss, in Cocktails oder als Digestif nach dem Essen. Sein reiches Aroma und sein weicher Geschmack machen ihn zu einem Favoriten unter Spirituosenliebhabern.<\/p>\n\t<\/div>\n<\/div>\n\n\n\n\n\t\t\t<\/div> \n\t\t<\/div>\n\t<\/div> \n<\/div><\/div>\n\t\t<div id=\"fws_69f4d02fc422f\"  data-column-margin=\"default\" data-midnight=\"dark\"  class=\"wpb_row vc_row-fluid vc_row full-width-content vc_row-o-equal-height vc_row-flex vc_row-o-content-top\"  style=\"padding-top: 0px; padding-bottom: 0px; \"><div class=\"row-bg-wrap\" data-bg-animation=\"none\" data-bg-animation-delay=\"\" data-bg-overlay=\"false\"><div class=\"inner-wrap row-bg-layer\" ><div class=\"row-bg viewport-desktop\"  style=\"\"><\/div><\/div><\/div><div class=\"row_col_wrap_12 col span_12 dark left\">\n\t<div  class=\"vc_col-sm-12 wpb_column column_container vc_column_container col no-extra-padding inherit_tablet inherit_phone\"  data-padding-pos=\"all\" data-has-bg-color=\"false\" data-bg-color=\"\" data-bg-opacity=\"1\" data-animation=\"\" data-delay=\"0\" >\n\t\t<div class=\"vc_column-inner\" >\n\t\t\t<div class=\"wpb_wrapper\">\n\t\t\t\t<div class=\"nectar_video_player_self_hosted wpb_video_widget wpb_content_element vc_clearfix vc_video-aspect-ratio-916 vc_video-el-width-100 vc_video-align-center\" data-border-radius=\"none\" data-shadow=\"none\">\n<div class=\"wpb_wrapper\"><div class=\"wpb_video_wrapper\"><video width=\"1280\" height=\"720\" class=\"nectar-video-self-hosted\" preload=\"auto\" controls controlslist=\"nodownload\"><source src=\"https:\/\/eternumebrietas.org\/wp-content\/uploads\/2025\/01\/VID_20250904_171710.mp4\"  type=\"video\/mp4\"><\/video><\/div><\/div><\/div>\n\t\t\t<\/div> \n\t\t<\/div>\n\t<\/div> \n<\/div><\/div>\n\t\t<div id=\"fws_69f4d02fc449a\"  data-column-margin=\"default\" data-midnight=\"dark\"  class=\"wpb_row vc_row-fluid vc_row\"  style=\"padding-top: 0px; padding-bottom: 0px; \"><div class=\"row-bg-wrap\" data-bg-animation=\"none\" data-bg-animation-delay=\"\" data-bg-overlay=\"false\"><div class=\"inner-wrap row-bg-layer\" ><div class=\"row-bg viewport-desktop\"  style=\"\"><\/div><\/div><\/div><div class=\"row_col_wrap_12 col span_12 dark left\">\n\t<div  class=\"vc_col-sm-12 wpb_column column_container vc_column_container col no-extra-padding inherit_tablet inherit_phone\"  data-padding-pos=\"all\" data-has-bg-color=\"false\" data-bg-color=\"\" data-bg-opacity=\"1\" data-animation=\"\" data-delay=\"0\" >\n\t\t<div class=\"vc_column-inner\" >\n\t\t\t<div class=\"wpb_wrapper\">\n\t\t\t\t\n<div class=\"wpb_text_column wpb_content_element\" >\n\t<div class=\"wpb_wrapper\">\n\t\t<p>Unsere Produzenten folgen traditionellen Methoden, die \u00fcber Generationen weitergegeben wurden. Sie w\u00e4hlen sorgf\u00e4ltig die reifsten Fr\u00fcchte aus und verwenden pr\u00e4zise Destillationstechniken. So f\u00e4ngt jede Flasche den nat\u00fcrlichen Geschmack des Erdbeerbaums und das Erbe der portugiesischen Bergregion ein. Dar\u00fcber hinaus respektiert der Produktionsprozess die Umwelt und pflegt nachhaltige Praktiken im Einklang mit den lokalen \u00d6kosystemen.<\/p>\n<p>Medronho Brandy eignet sich ideal f\u00fcr den Eigengebrauch, f\u00fcr Feiern oder als Gourmet-Geschenk. Er passt hervorragend zu Desserts, K\u00e4se und mediterranen Gerichten. Der Brandy bietet einen authentischen Geschmack portugiesischer Tradition und Handwerkskunst. F\u00fcr alle, die authentische, hochwertige Spirituosen suchen, bietet Eternum Ebrietas Medronho Brandy Geschmack und Tradition in jedem Schluck und ist damit eine besondere Erg\u00e4nzung f\u00fcr jede Sammlung.<\/p>\n<p>EAN: 5600174619340<\/p>\n<p>Medronho Brandy \u2013 500 ml | Portugal wird direkt vom Hersteller an den Kunden verkauft.<\/p>\n\t<\/div>\n<\/div>\n\n\n\n\n\t\t\t<\/div> \n\t\t<\/div>\n\t<\/div> \n<\/div><\/div>\n\n\t\t<div id=\"fws_69f4d02fc4726\"  data-column-margin=\"default\" data-midnight=\"dark\"  class=\"wpb_row vc_row-fluid vc_row\"  style=\"padding-top: 0px; padding-bottom: 0px; \"><div class=\"row-bg-wrap\" data-bg-animation=\"none\" data-bg-animation-delay=\"\" data-bg-overlay=\"false\"><div class=\"inner-wrap row-bg-layer\" ><div class=\"row-bg viewport-desktop\"  style=\"\"><\/div><\/div><\/div><div class=\"row_col_wrap_12 col span_12 dark left\">\n\t<div  class=\"vc_col-sm-12 wpb_column column_container vc_column_container col no-extra-padding inherit_tablet inherit_phone\"  data-padding-pos=\"all\" data-has-bg-color=\"false\" data-bg-color=\"\" data-bg-opacity=\"1\" data-animation=\"\" data-delay=\"0\" >\n\t\t<div class=\"vc_column-inner\" >\n\t\t\t<div class=\"wpb_wrapper\">\n\t\t\t\t<div class=\"nectar-cta  text_hover_color_ff1053 alignment_tablet_default alignment_phone_default display_tablet_inherit display_phone_inherit\" data-color=\"default\" data-using-bg=\"false\" data-style=\"see-through\" data-display=\"block\" data-alignment=\"left\" data-text-color=\"std\" ><h6> <span class=\"text\">Zur\u00fcck zum SHOP <\/span><span class=\"link_wrap\" ><a  class=\"link_text\" role=\"button\" href=\"https:\/\/eternumebrietas.org\/de\/shop\/\"><span class=\"arrow\"><\/span><\/a><\/span><\/h6><\/div>\n\t\t\t<\/div> \n\t\t<\/div>\n\t<\/div> \n<\/div><\/div>","protected":false},"excerpt":{"rendered":"<p>Spiritus aus Medronho-Fr\u00fcchten mit einem Alkoholgehalt von 38 % bis 54 % aus Beira-Baixa Portugal.<\/p>","protected":false},"featured_media":7546,"comment_status":"open","ping_status":"closed","template":"","meta":[],"product_brand":[246],"product_cat":[148,313],"product_tag":[229,230,226,228,232,231,144,227,233],"class_list":{"0":"post-6583","1":"product","2":"type-product","3":"status-publish","4":"has-post-thumbnail","6":"product_brand-eternum-ebrietas","7":"product_cat-brandy","8":"product_cat-mountain-products","9":"product_tag-arbutus","10":"product_tag-beira-baixa","11":"product_tag-brandy","12":"product_tag-medronho","13":"product_tag-mountain-products","14":"product_tag-portugal","15":"product_tag-products-from-portugal","16":"product_tag-spirits","17":"product_tag-traditional-products","19":"first","20":"instock","21":"sale","22":"shipping-taxable","23":"purchasable","24":"product-type-simple"},"yoast_head":"<!-- This site is optimized with the Yoast SEO Premium plugin v25.8 (Yoast SEO v25.8) - https:\/\/yoast.com\/wordpress\/plugins\/seo\/ -->\n<title>Eternum Ebrietas | Medronho Brandy from Beira-Baixa \u2013 500ml | Portugal<\/title>\n<meta name=\"description\" content=\"Medronho Brandy from Beira-Baixa, Portugal. Traditional, aromatic fruit brandy made from strawberry trees, perfect for cocktails or neat drinking.\" \/>\n<meta name=\"robots\" content=\"index, follow, max-snippet:-1, max-image-preview:large, max-video-preview:-1\" \/>\n<link rel=\"canonical\" href=\"https:\/\/eternumebrietas.org\/de\/product\/medronho-brandy-beira-baixa\/\" \/>\n<meta property=\"og:locale\" content=\"de_DE\" \/>\n<meta property=\"og:type\" content=\"article\" \/>\n<meta property=\"og:title\" content=\"Medronho Brandy from Beira-Baixa \u2013 500ml | Portugal\" \/>\n<meta property=\"og:description\" content=\"Medronho Brandy from Beira-Baixa, Portugal. Traditional, aromatic fruit brandy made from strawberry trees, perfect for cocktails or neat drinking.\" \/>\n<meta property=\"og:url\" content=\"https:\/\/eternumebrietas.org\/de\/product\/medronho-brandy-beira-baixa\/\" \/>\n<meta property=\"og:site_name\" content=\"Eternum Ebrietas\" \/>\n<meta property=\"article:publisher\" content=\"https:\/\/www.facebook.com\/profile.php?id=61568619625789\" \/>\n<meta property=\"article:modified_time\" content=\"2025-11-11T15:04:42+00:00\" \/>\n<meta property=\"og:image\" content=\"https:\/\/eternumebrietas.org\/wp-content\/uploads\/2025\/03\/medronho-titanium-500ml.png\" \/>\n\t<meta property=\"og:image:width\" content=\"900\" \/>\n\t<meta property=\"og:image:height\" content=\"900\" \/>\n\t<meta property=\"og:image:type\" content=\"image\/png\" \/>\n<meta name=\"twitter:card\" content=\"summary_large_image\" \/>\n<meta name=\"twitter:label1\" content=\"Est. reading time\" \/>\n\t<meta name=\"twitter:data1\" content=\"2 minutes\" \/>\n<script type=\"application\/ld+json\" class=\"yoast-schema-graph\">{\"@context\":\"https:\/\/schema.org\",\"@graph\":[{\"@type\":\"WebPage\",\"@id\":\"https:\/\/eternumebrietas.org\/product\/medronho-brandy-beira-baixa\/\",\"url\":\"https:\/\/eternumebrietas.org\/product\/medronho-brandy-beira-baixa\/\",\"name\":\"Eternum Ebrietas | Medronho Brandy from Beira-Baixa \u2013 500ml | Portugal\",\"isPartOf\":{\"@id\":\"https:\/\/eternumebrietas.org\/#website\"},\"primaryImageOfPage\":{\"@id\":\"https:\/\/eternumebrietas.org\/product\/medronho-brandy-beira-baixa\/#primaryimage\"},\"image\":{\"@id\":\"https:\/\/eternumebrietas.org\/product\/medronho-brandy-beira-baixa\/#primaryimage\"},\"thumbnailUrl\":\"https:\/\/eternumebrietas.org\/wp-content\/uploads\/2025\/03\/medronho-titanium-500ml.png\",\"datePublished\":\"2025-01-31T23:25:17+00:00\",\"dateModified\":\"2025-11-11T15:04:42+00:00\",\"description\":\"Medronho Brandy from Beira-Baixa, Portugal. Traditional, aromatic fruit brandy made from strawberry trees, perfect for cocktails or neat drinking.\",\"breadcrumb\":{\"@id\":\"https:\/\/eternumebrietas.org\/product\/medronho-brandy-beira-baixa\/#breadcrumb\"},\"inLanguage\":\"de-DE\",\"potentialAction\":[{\"@type\":\"ReadAction\",\"target\":[\"https:\/\/eternumebrietas.org\/product\/medronho-brandy-beira-baixa\/\"]}]},{\"@type\":\"ImageObject\",\"inLanguage\":\"de-DE\",\"@id\":\"https:\/\/eternumebrietas.org\/product\/medronho-brandy-beira-baixa\/#primaryimage\",\"url\":\"https:\/\/eternumebrietas.org\/wp-content\/uploads\/2025\/03\/medronho-titanium-500ml.png\",\"contentUrl\":\"https:\/\/eternumebrietas.org\/wp-content\/uploads\/2025\/03\/medronho-titanium-500ml.png\",\"width\":900,\"height\":900,\"caption\":\"brandy 750ml\"},{\"@type\":\"BreadcrumbList\",\"@id\":\"https:\/\/eternumebrietas.org\/product\/medronho-brandy-beira-baixa\/#breadcrumb\",\"itemListElement\":[{\"@type\":\"ListItem\",\"position\":1,\"name\":\"Home\",\"item\":\"https:\/\/eternumebrietas.org\/\"},{\"@type\":\"ListItem\",\"position\":2,\"name\":\"Shop\",\"item\":\"https:\/\/eternumebrietas.org\/shop\/\"},{\"@type\":\"ListItem\",\"position\":3,\"name\":\"Medronho Brandy from Beira-Baixa \u2013 500ml | Portugal\"}]},{\"@type\":\"WebSite\",\"@id\":\"https:\/\/eternumebrietas.org\/#website\",\"url\":\"https:\/\/eternumebrietas.org\/\",\"name\":\"https:\/\/eternumebrietas.org\/\",\"description\":\"Eternum Ebrietas\",\"publisher\":{\"@id\":\"https:\/\/eternumebrietas.org\/#organization\"},\"alternateName\":\"Eternum Ebrietas\",\"potentialAction\":[{\"@type\":\"SearchAction\",\"target\":{\"@type\":\"EntryPoint\",\"urlTemplate\":\"https:\/\/eternumebrietas.org\/?s={search_term_string}\"},\"query-input\":{\"@type\":\"PropertyValueSpecification\",\"valueRequired\":true,\"valueName\":\"search_term_string\"}}],\"inLanguage\":\"de-DE\"},{\"@type\":\"Organization\",\"@id\":\"https:\/\/eternumebrietas.org\/#organization\",\"name\":\"https:\/\/eternumebrietas.org\/\",\"alternateName\":\"Eternum Ebrietas\",\"url\":\"https:\/\/eternumebrietas.org\/\",\"logo\":{\"@type\":\"ImageObject\",\"inLanguage\":\"de-DE\",\"@id\":\"https:\/\/eternumebrietas.org\/#\/schema\/logo\/image\/\",\"url\":\"https:\/\/eternumebrietas.org\/wp-content\/uploads\/2025\/02\/EE01gold.png\",\"contentUrl\":\"https:\/\/eternumebrietas.org\/wp-content\/uploads\/2025\/02\/EE01gold.png\",\"width\":2352,\"height\":2361,\"caption\":\"https:\/\/eternumebrietas.org\/\"},\"image\":{\"@id\":\"https:\/\/eternumebrietas.org\/#\/schema\/logo\/image\/\"},\"sameAs\":[\"https:\/\/www.facebook.com\/profile.php?id=61568619625789\",\"https:\/\/www.instagram.com\/eternum_ebrietas\/\"]}]}<\/script>\n<!-- \/ Yoast SEO Premium plugin. -->","yoast_head_json":{"title":"Eternum Ebrietas | Medronho Brandy from Beira-Baixa \u2013 500ml | Portugal","description":"Medronho Brandy from Beira-Baixa, Portugal. Traditional, aromatic fruit brandy made from strawberry trees, perfect for cocktails or neat drinking.","robots":{"index":"index","follow":"follow","max-snippet":"max-snippet:-1","max-image-preview":"max-image-preview:large","max-video-preview":"max-video-preview:-1"},"canonical":"https:\/\/eternumebrietas.org\/de\/product\/medronho-brandy-beira-baixa\/","og_locale":"de_DE","og_type":"article","og_title":"Medronho Brandy from Beira-Baixa \u2013 500ml | Portugal","og_description":"Medronho Brandy from Beira-Baixa, Portugal. Traditional, aromatic fruit brandy made from strawberry trees, perfect for cocktails or neat drinking.","og_url":"https:\/\/eternumebrietas.org\/de\/product\/medronho-brandy-beira-baixa\/","og_site_name":"Eternum Ebrietas","article_publisher":"https:\/\/www.facebook.com\/profile.php?id=61568619625789","article_modified_time":"2025-11-11T15:04:42+00:00","og_image":[{"width":900,"height":900,"url":"https:\/\/eternumebrietas.org\/wp-content\/uploads\/2025\/03\/medronho-titanium-500ml.png","type":"image\/png"}],"twitter_card":"summary_large_image","twitter_misc":{"Est. reading time":"2 minutes"},"schema":{"@context":"https:\/\/schema.org","@graph":[{"@type":"WebPage","@id":"https:\/\/eternumebrietas.org\/product\/medronho-brandy-beira-baixa\/","url":"https:\/\/eternumebrietas.org\/product\/medronho-brandy-beira-baixa\/","name":"Eternum Ebrietas | Medronho Brandy from Beira-Baixa \u2013 500ml | Portugal","isPartOf":{"@id":"https:\/\/eternumebrietas.org\/#website"},"primaryImageOfPage":{"@id":"https:\/\/eternumebrietas.org\/product\/medronho-brandy-beira-baixa\/#primaryimage"},"image":{"@id":"https:\/\/eternumebrietas.org\/product\/medronho-brandy-beira-baixa\/#primaryimage"},"thumbnailUrl":"https:\/\/eternumebrietas.org\/wp-content\/uploads\/2025\/03\/medronho-titanium-500ml.png","datePublished":"2025-01-31T23:25:17+00:00","dateModified":"2025-11-11T15:04:42+00:00","description":"Medronho Brandy from Beira-Baixa, Portugal. Traditional, aromatic fruit brandy made from strawberry trees, perfect for cocktails or neat drinking.","breadcrumb":{"@id":"https:\/\/eternumebrietas.org\/product\/medronho-brandy-beira-baixa\/#breadcrumb"},"inLanguage":"de-DE","potentialAction":[{"@type":"ReadAction","target":["https:\/\/eternumebrietas.org\/product\/medronho-brandy-beira-baixa\/"]}]},{"@type":"ImageObject","inLanguage":"de-DE","@id":"https:\/\/eternumebrietas.org\/product\/medronho-brandy-beira-baixa\/#primaryimage","url":"https:\/\/eternumebrietas.org\/wp-content\/uploads\/2025\/03\/medronho-titanium-500ml.png","contentUrl":"https:\/\/eternumebrietas.org\/wp-content\/uploads\/2025\/03\/medronho-titanium-500ml.png","width":900,"height":900,"caption":"brandy 750ml"},{"@type":"BreadcrumbList","@id":"https:\/\/eternumebrietas.org\/product\/medronho-brandy-beira-baixa\/#breadcrumb","itemListElement":[{"@type":"ListItem","position":1,"name":"Home","item":"https:\/\/eternumebrietas.org\/"},{"@type":"ListItem","position":2,"name":"Shop","item":"https:\/\/eternumebrietas.org\/shop\/"},{"@type":"ListItem","position":3,"name":"Medronho Brandy from Beira-Baixa \u2013 500ml | Portugal"}]},{"@type":"WebSite","@id":"https:\/\/eternumebrietas.org\/#website","url":"https:\/\/eternumebrietas.org\/","name":"https:\/\/eternumebrietas.org\/","description":"Eternum Ebrietas","publisher":{"@id":"https:\/\/eternumebrietas.org\/#organization"},"alternateName":"Eternum Ebrietas","potentialAction":[{"@type":"SearchAction","target":{"@type":"EntryPoint","urlTemplate":"https:\/\/eternumebrietas.org\/?s={search_term_string}"},"query-input":{"@type":"PropertyValueSpecification","valueRequired":true,"valueName":"search_term_string"}}],"inLanguage":"de-DE"},{"@type":"Organization","@id":"https:\/\/eternumebrietas.org\/#organization","name":"https:\/\/eternumebrietas.org\/","alternateName":"Eternum Ebrietas","url":"https:\/\/eternumebrietas.org\/","logo":{"@type":"ImageObject","inLanguage":"de-DE","@id":"https:\/\/eternumebrietas.org\/#\/schema\/logo\/image\/","url":"https:\/\/eternumebrietas.org\/wp-content\/uploads\/2025\/02\/EE01gold.png","contentUrl":"https:\/\/eternumebrietas.org\/wp-content\/uploads\/2025\/02\/EE01gold.png","width":2352,"height":2361,"caption":"https:\/\/eternumebrietas.org\/"},"image":{"@id":"https:\/\/eternumebrietas.org\/#\/schema\/logo\/image\/"},"sameAs":["https:\/\/www.facebook.com\/profile.php?id=61568619625789","https:\/\/www.instagram.com\/eternum_ebrietas\/"]}]}},"_links":{"self":[{"href":"https:\/\/eternumebrietas.org\/de\/wp-json\/wp\/v2\/product\/6583","targetHints":{"allow":["GET"]}}],"collection":[{"href":"https:\/\/eternumebrietas.org\/de\/wp-json\/wp\/v2\/product"}],"about":[{"href":"https:\/\/eternumebrietas.org\/de\/wp-json\/wp\/v2\/types\/product"}],"replies":[{"embeddable":true,"href":"https:\/\/eternumebrietas.org\/de\/wp-json\/wp\/v2\/comments?post=6583"}],"wp:featuredmedia":[{"embeddable":true,"href":"https:\/\/eternumebrietas.org\/de\/wp-json\/wp\/v2\/media\/7546"}],"wp:attachment":[{"href":"https:\/\/eternumebrietas.org\/de\/wp-json\/wp\/v2\/media?parent=6583"}],"wp:term":[{"taxonomy":"product_brand","embeddable":true,"href":"https:\/\/eternumebrietas.org\/de\/wp-json\/wp\/v2\/product_brand?post=6583"},{"taxonomy":"product_cat","embeddable":true,"href":"https:\/\/eternumebrietas.org\/de\/wp-json\/wp\/v2\/product_cat?post=6583"},{"taxonomy":"product_tag","embeddable":true,"href":"https:\/\/eternumebrietas.org\/de\/wp-json\/wp\/v2\/product_tag?post=6583"}],"curies":[{"name":"wp","href":"https:\/\/api.w.org\/{rel}","templated":true}]}}